{"id":1354,"date":"2020-04-22T14:05:10","date_gmt":"2020-04-22T14:05:10","guid":{"rendered":"https:\/\/www.fms.com.es\/inicio\/?page_id=1354"},"modified":"2020-04-22T14:35:14","modified_gmt":"2020-04-22T14:35:14","slug":"informe-covid-19","status":"publish","type":"page","link":"https:\/\/www.fms.com.es\/inicio\/informe-covid-19\/","title":{"rendered":"INFORME COVID-19"},"content":{"rendered":"<p>[vc_row][vc_column]\t<div class=\"center title-section wow fadeInDown\">\n      <h5>H\u00e1bitos  de entrenamiento, soporte de sus centros e intenciones<\/h5><h3 class=\"lrg\">USUARIOS DE GIMNASIO <\/h3><div class=\"separator\"><span><i><\/i><\/span> <\/div>    <\/div>\n    [\/vc_column][\/vc_row][vc_row disable_element=\u00bbyes\u00bb css=\u00bb.vc_custom_1574847324593{padding-top: 50px !important;padding-bottom: 90px !important;}\u00bb el_class=\u00bboculto\u00bb][vc_column]<div role=\"form\" class=\"wpcf7\" id=\"wpcf7-f888-o1\" lang=\"en-US\" dir=\"ltr\">\n<div class=\"screen-reader-response\"><p role=\"status\" aria-live=\"polite\" aria-atomic=\"true\"><\/p> <ul><\/ul><\/div>\n<form action=\"\/inicio\/wp-json\/wp\/v2\/pages\/1354#wpcf7-f888-o1\" method=\"post\" class=\"wpcf7-form init\" novalidate=\"novalidate\" data-status=\"init\">\n<div style=\"display: none;\">\n<input type=\"hidden\" name=\"_wpcf7\" value=\"888\" \/>\n<input type=\"hidden\" name=\"_wpcf7_version\" value=\"5.3\" \/>\n<input type=\"hidden\" name=\"_wpcf7_locale\" value=\"en_US\" \/>\n<input type=\"hidden\" name=\"_wpcf7_unit_tag\" value=\"wpcf7-f888-o1\" \/>\n<input type=\"hidden\" name=\"_wpcf7_container_post\" value=\"0\" \/>\n<input type=\"hidden\" name=\"_wpcf7_posted_data_hash\" value=\"\" \/>\n<\/div>\n<div class=\"row\">\n<div class=\"col-sm-12 input\">\n<h4 style=\"color: #2c4d87;\">DESEO ASISTIR AL SEMINARIO DE:<\/h4>\n<p>       <span class=\"wpcf7-form-control-wrap seminario\"><span class=\"wpcf7-form-control wpcf7-radio\"><span class=\"wpcf7-list-item first last\"><input type=\"radio\" name=\"seminario\" value=\"Madrid 28 de noviembre\" checked=\"checked\" \/><span class=\"wpcf7-list-item-label\">Madrid 28 de noviembre<\/span><\/span><\/span><\/span>\n    <\/p><\/div>\n<\/div>\n<p><br><\/p>\n<div class=\"row\">\n<div class=\"col-sm-12 input\">\n<h4 style=\"color: #2c4d87;\">DATOS PERSONALES<\/h4>\n<\/p><\/div>\n<\/div>\n<div class=\"row\">\n<div class=\"col-sm-6 input\">\n       <span class=\"wpcf7-form-control-wrap your-name\"><input type=\"text\" name=\"your-name\" value=\"\" size=\"40\" class=\"wpcf7-form-control wpcf7-text wpcf7-validates-as-required input_field\" aria-required=\"true\" aria-invalid=\"false\" placeholder=\"Nombre y Apellidos *\" \/><\/span>\n    <\/div>\n<div class=\"col-sm-6 input\">\n       <span class=\"wpcf7-form-control-wrap your-company\"><input type=\"text\" name=\"your-company\" value=\"\" size=\"40\" class=\"wpcf7-form-control wpcf7-text wpcf7-validates-as-required input_field\" aria-required=\"true\" aria-invalid=\"false\" placeholder=\"Nombre comercial de la empresa *\" \/><\/span>\n    <\/div>\n<\/div>\n<div class=\"row\">\n<div class=\"col-sm-6 input\">\n       <span class=\"wpcf7-form-control-wrap cargo\"><input type=\"text\" name=\"cargo\" value=\"\" size=\"40\" class=\"wpcf7-form-control wpcf7-text wpcf7-validates-as-required input_field\" aria-required=\"true\" aria-invalid=\"false\" placeholder=\"Cargo *\" \/><\/span>\n    <\/div>\n<div class=\"col-sm-6 input\">\n       <span class=\"wpcf7-form-control-wrap your-address\"><input type=\"text\" name=\"your-address\" value=\"\" size=\"40\" class=\"wpcf7-form-control wpcf7-text wpcf7-validates-as-required input_field\" aria-required=\"true\" aria-invalid=\"false\" placeholder=\"Direcci\u00f3n *\" \/><\/span>\n    <\/div>\n<\/div>\n<div class=\"row\">\n<div class=\"col-sm-6 input\">\n       <span class=\"wpcf7-form-control-wrap cp1\"><input type=\"text\" name=\"cp1\" value=\"\" size=\"40\" class=\"wpcf7-form-control wpcf7-text wpcf7-validates-as-required input_field\" aria-required=\"true\" aria-invalid=\"false\" placeholder=\"C\u00f3digo Postal *\" \/><\/span>\n    <\/div>\n<div class=\"col-sm-6 input\">\n<span class=\"wpcf7-form-control-wrap provincia\"><select name=\"provincia\" class=\"wpcf7-form-control wpcf7-select wpcf7-validates-as-required input_field\" aria-required=\"true\" aria-invalid=\"false\"><option value=\"Provincia\">Provincia<\/option><option value=\"A Coru\u00f1a\">A Coru\u00f1a<\/option><option value=\"\u00c1lava\">\u00c1lava<\/option><option value=\"Albacete\">Albacete<\/option><option value=\"Alicante\">Alicante<\/option><option value=\"Almer\u00eda\">Almer\u00eda<\/option><option value=\"Asturias\">Asturias<\/option><option value=\"\u00c1vila\">\u00c1vila<\/option><option value=\"Badajoz\">Badajoz<\/option><option value=\"Baleares\">Baleares<\/option><option value=\"Barcelona\">Barcelona<\/option><option value=\"Burgos\">Burgos<\/option><option value=\"C\u00e1ceres\">C\u00e1ceres<\/option><option value=\"C\u00e1diz\">C\u00e1diz<\/option><option value=\"Cantabria\">Cantabria<\/option><option value=\"Castell\u00f3n\">Castell\u00f3n<\/option><option value=\"Ciudad Real\">Ciudad Real<\/option><option value=\"C\u00f3rdoba\">C\u00f3rdoba<\/option><option value=\"Cuenca\">Cuenca<\/option><option value=\"Girona\">Girona<\/option><option value=\"Granada\">Granada<\/option><option value=\"Guadalajara\">Guadalajara<\/option><option value=\"Gipuzkoa\">Gipuzkoa<\/option><option value=\"Huelva\">Huelva<\/option><option value=\"Huesca\">Huesca<\/option><option value=\"Ja\u00e9n\">Ja\u00e9n<\/option><option value=\"La Rioja\">La Rioja<\/option><option value=\"Las Palmas\">Las Palmas<\/option><option value=\"Le\u00f3n\">Le\u00f3n<\/option><option value=\"L\u00e9rida\">L\u00e9rida<\/option><option value=\"Lugo\">Lugo<\/option><option value=\"Madrid\">Madrid<\/option><option value=\"M\u00e1laga\">M\u00e1laga<\/option><option value=\"Murcia\">Murcia<\/option><option value=\"Navarra\">Navarra<\/option><option value=\"Ourense\">Ourense<\/option><option value=\"Palencia\">Palencia<\/option><option value=\"Pontevedra\">Pontevedra<\/option><option value=\"Salamanca\">Salamanca<\/option><option value=\"Segovia\">Segovia<\/option><option value=\"Sevilla\">Sevilla<\/option><option value=\"Soria\">Soria<\/option><option value=\"Tarragona\">Tarragona<\/option><option value=\"Santa Cruz de Tenerife\">Santa Cruz de Tenerife<\/option><option value=\"Teruel\">Teruel<\/option><option value=\"Toledo\">Toledo<\/option><option value=\"Valencia\">Valencia<\/option><option value=\"Valladolid\">Valladolid<\/option><option value=\"Vizcaya\">Vizcaya<\/option><option value=\"Zamora\">Zamora<\/option><option value=\"Zaragoza\">Zaragoza<\/option><\/select><\/span>\n    <\/div>\n<\/div>\n<div class=\"row\">\n<div class=\"col-sm-6 input\">\n      <span class=\"wpcf7-form-control-wrap your-email\"><input type=\"email\" name=\"your-email\" value=\"\" size=\"40\" class=\"wpcf7-form-control wpcf7-text wpcf7-email wpcf7-validates-as-required wpcf7-validates-as-email input_field\" aria-required=\"true\" aria-invalid=\"false\" placeholder=\"Email *\" \/><\/span>\n    <\/div>\n<div class=\"col-sm-6 input\">\n       <span class=\"wpcf7-form-control-wrap telefono1\"><input type=\"tel\" name=\"telefono1\" value=\"\" size=\"40\" class=\"wpcf7-form-control wpcf7-text wpcf7-tel wpcf7-validates-as-required wpcf7-validates-as-tel input_field\" aria-required=\"true\" aria-invalid=\"false\" placeholder=\"Tel\u00e9fono *\" \/><\/span>\n    <\/div>\n<\/div>\n<p><br><\/p>\n<div class=\"row\">\n<div class=\"col-sm-12 input\">\n<h4 style=\"color: #2c4d87;\">DATOS DE LA EMPRESA<\/h4>\n<\/p><\/div>\n<\/div>\n<div class=\"row\">\n<div class=\"col-sm-6 input\">\n       <span class=\"wpcf7-form-control-wrap fiscal-name\"><input type=\"text\" name=\"fiscal-name\" value=\"\" size=\"40\" class=\"wpcf7-form-control wpcf7-text input_field\" aria-invalid=\"false\" placeholder=\"Nombre fiscal\" \/><\/span>\n    <\/div>\n<div class=\"col-sm-6 input\">\n       <span class=\"wpcf7-form-control-wrap your-cif\"><input type=\"text\" name=\"your-cif\" value=\"\" size=\"40\" class=\"wpcf7-form-control wpcf7-text input_field\" aria-invalid=\"false\" placeholder=\"CIF\" \/><\/span>\n    <\/div>\n<\/div>\n<div class=\"row\">\n<div class=\"col-sm-6 input\">\n      <span class=\"wpcf7-form-control-wrap your-email2\"><input type=\"email\" name=\"your-email2\" value=\"\" size=\"40\" class=\"wpcf7-form-control wpcf7-text wpcf7-email wpcf7-validates-as-email input_field\" aria-invalid=\"false\" placeholder=\"Email\" \/><\/span>\n    <\/div>\n<div class=\"col-sm-6 input\">\n       <span class=\"wpcf7-form-control-wrap your-address2\"><input type=\"text\" name=\"your-address2\" value=\"\" size=\"40\" class=\"wpcf7-form-control wpcf7-text input_field\" aria-invalid=\"false\" placeholder=\"Direcci\u00f3n\" \/><\/span>\n    <\/div>\n<\/div>\n<div class=\"row\">\n<div class=\"col-sm-6 input\">\n       <span class=\"wpcf7-form-control-wrap poblacion\"><input type=\"text\" name=\"poblacion\" value=\"\" size=\"40\" class=\"wpcf7-form-control wpcf7-text input_field\" aria-invalid=\"false\" placeholder=\"Poblaci\u00f3n\" \/><\/span>\n    <\/div>\n<div class=\"col-sm-6 input\">\n<span class=\"wpcf7-form-control-wrap provincia2\"><select name=\"provincia2\" class=\"wpcf7-form-control wpcf7-select input_field\" aria-invalid=\"false\"><option value=\"Provincia\">Provincia<\/option><option value=\"A Coru\u00f1a\">A Coru\u00f1a<\/option><option value=\"\u00c1lava\">\u00c1lava<\/option><option value=\"Albacete\">Albacete<\/option><option value=\"Alicante\">Alicante<\/option><option value=\"Almer\u00eda\">Almer\u00eda<\/option><option value=\"Asturias\">Asturias<\/option><option value=\"\u00c1vila\">\u00c1vila<\/option><option value=\"Badajoz\">Badajoz<\/option><option value=\"Baleares\">Baleares<\/option><option value=\"Barcelona\">Barcelona<\/option><option value=\"Burgos\">Burgos<\/option><option value=\"C\u00e1ceres\">C\u00e1ceres<\/option><option value=\"C\u00e1diz\">C\u00e1diz<\/option><option value=\"Cantabria\">Cantabria<\/option><option value=\"Castell\u00f3n\">Castell\u00f3n<\/option><option value=\"Ciudad Real\">Ciudad Real<\/option><option value=\"C\u00f3rdoba\">C\u00f3rdoba<\/option><option value=\"Cuenca\">Cuenca<\/option><option value=\"Girona\">Girona<\/option><option value=\"Granada\">Granada<\/option><option value=\"Guadalajara\">Guadalajara<\/option><option value=\"Gipuzkoa\">Gipuzkoa<\/option><option value=\"Huelva\">Huelva<\/option><option value=\"Huesca\">Huesca<\/option><option value=\"Ja\u00e9n\">Ja\u00e9n<\/option><option value=\"La Rioja\">La Rioja<\/option><option value=\"Las Palmas\">Las Palmas<\/option><option value=\"Le\u00f3n\">Le\u00f3n<\/option><option value=\"L\u00e9rida\">L\u00e9rida<\/option><option value=\"Lugo\">Lugo<\/option><option value=\"Madrid\">Madrid<\/option><option value=\"M\u00e1laga\">M\u00e1laga<\/option><option value=\"Murcia\">Murcia<\/option><option value=\"Navarra\">Navarra<\/option><option value=\"Ourense\">Ourense<\/option><option value=\"Palencia\">Palencia<\/option><option value=\"Pontevedra\">Pontevedra<\/option><option value=\"Salamanca\">Salamanca<\/option><option value=\"Segovia\">Segovia<\/option><option value=\"Sevilla\">Sevilla<\/option><option value=\"Soria\">Soria<\/option><option value=\"Tarragona\">Tarragona<\/option><option value=\"Santa Cruz de Tenerife\">Santa Cruz de Tenerife<\/option><option value=\"Teruel\">Teruel<\/option><option value=\"Toledo\">Toledo<\/option><option value=\"Valencia\">Valencia<\/option><option value=\"Valladolid\">Valladolid<\/option><option value=\"Vizcaya\">Vizcaya<\/option><option value=\"Zamora\">Zamora<\/option><option value=\"Zaragoza\">Zaragoza<\/option><\/select><\/span>\n    <\/div>\n<\/div>\n<div class=\"row\">\n<div class=\"col-sm-4 input\">\n      <span class=\"wpcf7-form-control-wrap cp2\"><input type=\"text\" name=\"cp2\" value=\"\" size=\"40\" class=\"wpcf7-form-control wpcf7-text input_field\" aria-invalid=\"false\" placeholder=\"C\u00f3digo Postal\" \/><\/span>\n    <\/div>\n<div class=\"col-sm-4 input\">\n       <span class=\"wpcf7-form-control-wrap telefono2\"><input type=\"tel\" name=\"telefono2\" value=\"\" size=\"40\" class=\"wpcf7-form-control wpcf7-text wpcf7-tel wpcf7-validates-as-tel input_field\" aria-invalid=\"false\" placeholder=\"Tel\u00e9fono\" \/><\/span>\n    <\/div>\n<div class=\"col-sm-4 input\">\n<label>\u00bfDesea facturar a nombre de la empresa?<\/label><br \/>\n<span class=\"wpcf7-form-control-wrap facturaEmpresa\"><span class=\"wpcf7-form-control wpcf7-radio\"><span class=\"wpcf7-list-item first\"><input type=\"radio\" name=\"facturaEmpresa\" value=\"Si\" \/><span class=\"wpcf7-list-item-label\">Si<\/span><\/span><span class=\"wpcf7-list-item last\"><input type=\"radio\" name=\"facturaEmpresa\" value=\"No\" \/><span class=\"wpcf7-list-item-label\">No<\/span><\/span><\/span><\/span>\n    <\/div>\n<\/div>\n<div class=\"row\">\n<div class=\"col-sm-12 input\">\n     <span style=\"color: #909090 !important;\"><span class=\"wpcf7-form-control-wrap lopd\"><span class=\"wpcf7-form-control wpcf7-checkbox wpcf7-validates-as-required\"><span class=\"wpcf7-list-item first last\"><input type=\"checkbox\" name=\"lopd[]\" value=\"He le\u00eddo y acepto la\" \/><span class=\"wpcf7-list-item-label\">He le\u00eddo y acepto la<\/span><\/span><\/span><\/span><\/span> <a href=\"https:\/\/www.fms.com.es\/inicio\/politica-de-privacidad\/\" target=\"_blank\"> <span class=\"lopd\">Pol\u00edtica de Privacidad<\/span><\/a>\n    <\/div>\n<\/div>\n<p><br><\/p>\n<div class=\"row\">\n<div class=\"col-sm-12\">\n    <input type=\"submit\" value=\"ENVIAR\" class=\"wpcf7-form-control wpcf7-submit button\" \/>\n  <\/div>\n<\/div>\n<div class=\"wpcf7-response-output\" aria-hidden=\"true\"><\/div><\/form><\/div>[\/vc_column][\/vc_row][vc_row disable_element=\u00bbyes\u00bb el_class=\u00bboculto\u00bb][vc_column]\t<div class=\"center title-section wow fadeInDown\">\n      <h5>CUOTA DE INSCRIPCI\u00d3N<\/h5><h3 class=\"lrg\">FORMA DE PAGO<\/h3><div class=\"separator\"><span><i><\/i><\/span> <\/div>    <\/div>\n    [vc_empty_space][\/vc_column][\/vc_row][vc_row disable_element=\u00bbyes\u00bb el_class=\u00bboculto\u00bb][vc_column][vc_column_text]<strong>IMPORTE: <\/strong>65\u20ac (IVA incluido). Incluye comida.<\/p>\n<p>Mediante transferencia o ingreso bancario a favor de <strong>Gesti\u00f3n y Educaci\u00f3n en Deporte y Ocio S.L. \u201cBanco Sabadell Atl\u00e1ntico\u201d IBAN\/BIC<\/strong>:<\/p>\n<p><strong>ES76 0081 0028 6900 0126 6631 \/ BSAB ESBB<\/strong><\/p>\n<p>Remitir el comprobante de la transferencia junto con la hoja de inscripci\u00f3n a WSC:&nbsp; &nbsp; &nbsp;<a style=\"color: #2c4d87;\" href=\"mailto:formacion@wscconsulting.net\">formacion@wscconsulting.net<\/a>[\/vc_column_text][vc_column_text]<small>La inscripci\u00f3n no ser\u00e1 efectiva hasta que le confirmemos la disponibilidad de plaza.<\/small><\/p>\n<p><small>Sus datos pasar\u00e1n a una base de datos informatizada. La informaci\u00f3n de este fichero es accesible exclusivamente por personal autorizado G.E.D.O. De acuerdo con lo previsto en la Ley Org\u00e1nica 15\/1999, de 13 de diciembre, tiene derecho a acceder a dicho fichero, y a rectificar o cancelar sus datos en cualquier momento, dirigi\u00e9ndose por escrito a G.E.D.O.<\/small>[\/vc_column_text][vc_empty_space height=\u00bb60px\u00bb][\/vc_column][\/vc_row][vc_row disable_element=\u00bbyes\u00bb css=\u00bb.vc_custom_1587565236641{padding-top: 60px !important;padding-bottom: 100px !important;}\u00bb][vc_column width=\u00bb1\/6&#8243;][vc_empty_space height=\u00bb60px\u00bb][\/vc_column][vc_column width=\u00bb2\/3&#8243;]<div role=\"form\" class=\"wpcf7\" id=\"wpcf7-f1357-o2\" lang=\"en-US\" dir=\"ltr\">\n<div class=\"screen-reader-response\"><p role=\"status\" aria-live=\"polite\" aria-atomic=\"true\"><\/p> <ul><\/ul><\/div>\n<form action=\"\/inicio\/wp-json\/wp\/v2\/pages\/1354#wpcf7-f1357-o2\" method=\"post\" class=\"wpcf7-form init\" novalidate=\"novalidate\" data-status=\"init\">\n<div style=\"display: none;\">\n<input type=\"hidden\" name=\"_wpcf7\" value=\"1357\" \/>\n<input type=\"hidden\" name=\"_wpcf7_version\" value=\"5.3\" \/>\n<input type=\"hidden\" name=\"_wpcf7_locale\" value=\"en_US\" \/>\n<input type=\"hidden\" name=\"_wpcf7_unit_tag\" value=\"wpcf7-f1357-o2\" \/>\n<input type=\"hidden\" name=\"_wpcf7_container_post\" value=\"0\" \/>\n<input type=\"hidden\" name=\"_wpcf7_posted_data_hash\" value=\"\" \/>\n<\/div>\n<div class=\"row\">\n<div class=\"col-sm-12 input\">\n<h4 style=\"color: #2c4d87;\">DATOS PERSONALES<\/h4>\n<\/p><\/div>\n<\/div>\n<div class=\"row\">\n<div class=\"col-sm-6 input\">\n       <span class=\"wpcf7-form-control-wrap your-name\"><input type=\"text\" name=\"your-name\" value=\"\" size=\"40\" class=\"wpcf7-form-control wpcf7-text wpcf7-validates-as-required input_field\" aria-required=\"true\" aria-invalid=\"false\" placeholder=\"Nombre *\" \/><\/span>\n    <\/div>\n<div class=\"col-sm-6 input\">\n       <span class=\"wpcf7-form-control-wrap your-surname\"><input type=\"text\" name=\"your-surname\" value=\"\" size=\"40\" class=\"wpcf7-form-control wpcf7-text wpcf7-validates-as-required input_field\" aria-required=\"true\" aria-invalid=\"false\" placeholder=\"Apellidos *\" \/><\/span>\n    <\/div>\n<div class=\"col-sm-12 input\">\n        <span class=\"wpcf7-form-control-wrap your-email\"><input type=\"email\" name=\"your-email\" value=\"\" size=\"40\" class=\"wpcf7-form-control wpcf7-text wpcf7-email wpcf7-validates-as-required wpcf7-validates-as-email input_field\" aria-required=\"true\" aria-invalid=\"false\" placeholder=\"Email *\" \/><\/span>\n    <\/div>\n<\/div>\n<div class=\"row\">\n<div class=\"col-sm-12 input\">\n     <span style=\"color: #909090 !important;\"><span class=\"wpcf7-form-control-wrap lopd\"><span class=\"wpcf7-form-control wpcf7-checkbox wpcf7-validates-as-required\"><span class=\"wpcf7-list-item first last\"><input type=\"checkbox\" name=\"lopd[]\" value=\"He le\u00eddo y acepto la\" \/><span class=\"wpcf7-list-item-label\">He le\u00eddo y acepto la<\/span><\/span><\/span><\/span><\/span> <a href=\"https:\/\/www.fms.com.es\/inicio\/politica-de-privacidad\/\" target=\"_blank\"> <span class=\"lopd\">Pol\u00edtica de Privacidad<\/span><\/a>. <span class=\"lopd\">Este sitio est\u00e1 protegido por reCAPTCHA y Google.<\/span>\n    <\/div>\n<\/div>\n<p><br><\/p>\n<div class=\"row\">\n<div class=\"col-sm-12\">\n    <input type=\"submit\" value=\"DESCARGAR INFORME\" class=\"wpcf7-form-control wpcf7-submit button\" \/>\n  <\/div>\n<\/div>\n<div class=\"wpcf7-response-output\" aria-hidden=\"true\"><\/div><\/form><\/div>[\/vc_column][vc_column width=\u00bb1\/6&#8243;][\/vc_column][\/vc_row]<\/p>\n","protected":false},"excerpt":{"rendered":"<p>[vc_row][vc_column][\/vc_column][\/vc_row][vc_row disable_element=\u00bbyes\u00bb css=\u00bb.vc_custom_1574847324593{padding-top: 50px !important;padding-bottom: 90px !important;}\u00bb el_class=\u00bboculto\u00bb][vc_column][\/vc_column][\/vc_row][vc_row disable_element=\u00bbyes\u00bb el_class=\u00bboculto\u00bb][vc_column][vc_empty_space][\/vc_column][\/vc_row][vc_row disable_element=\u00bbyes\u00bb el_class=\u00bboculto\u00bb][vc_column][vc_column_text]IMPORTE: 65\u20ac (IVA incluido). Incluye comida. Mediante transferencia o ingreso bancario a favor de Gesti\u00f3n y Educaci\u00f3n en Deporte y Ocio S.L. \u201cBanco Sabadell Atl\u00e1ntico\u201d IBAN\/BIC: ES76 0081 0028 6900 0126 6631 \/ BSAB ESBB Remitir el comprobante de la transferencia junto con la [&hellip;]<\/p>\n","protected":false},"author":1,"featured_media":0,"parent":0,"menu_order":0,"comment_status":"closed","ping_status":"closed","template":"","meta":[],"yoast_head":"<!-- This site is optimized with the Yoast SEO plugin v14.9 - https:\/\/yoast.com\/wordpress\/plugins\/seo\/ -->\n<title>| Fitness Management School<\/title>\n<meta name=\"robots\" content=\"index, follow, max-snippet:-1, max-image-preview:large, max-video-preview:-1\" \/>\n<link rel=\"canonical\" href=\"https:\/\/www.fms.com.es\/inicio\/informe-covid-19\/\" \/>\n<meta property=\"og:locale\" content=\"es_ES\" \/>\n<meta property=\"og:type\" content=\"article\" \/>\n<meta property=\"og:title\" content=\"| Fitness Management School\" \/>\n<meta property=\"og:description\" content=\"[vc_row][vc_column][\/vc_column][\/vc_row][vc_row disable_element=\u00bbyes\u00bb css=\u00bb.vc_custom_1574847324593{padding-top: 50px !important;padding-bottom: 90px !important;}\u00bb el_class=\u00bboculto\u00bb][vc_column][\/vc_column][\/vc_row][vc_row disable_element=\u00bbyes\u00bb el_class=\u00bboculto\u00bb][vc_column][vc_empty_space][\/vc_column][\/vc_row][vc_row disable_element=\u00bbyes\u00bb el_class=\u00bboculto\u00bb][vc_column][vc_column_text]IMPORTE: 65\u20ac (IVA incluido). Incluye comida. Mediante transferencia o ingreso bancario a favor de Gesti\u00f3n y Educaci\u00f3n en Deporte y Ocio S.L. \u201cBanco Sabadell Atl\u00e1ntico\u201d IBAN\/BIC: ES76 0081 0028 6900 0126 6631 \/ BSAB ESBB Remitir el comprobante de la transferencia junto con la [&hellip;]\" \/>\n<meta property=\"og:url\" content=\"https:\/\/www.fms.com.es\/inicio\/informe-covid-19\/\" \/>\n<meta property=\"og:site_name\" content=\"Fitness Management School\" \/>\n<meta property=\"article:modified_time\" content=\"2020-04-22T14:35:14+00:00\" \/>\n<meta name=\"twitter:card\" content=\"summary_large_image\" \/>\n<script type=\"application\/ld+json\" class=\"yoast-schema-graph\">{\"@context\":\"https:\/\/schema.org\",\"@graph\":[{\"@type\":\"Organization\",\"@id\":\"https:\/\/www.fms.com.es\/inicio\/#organization\",\"name\":\"Fitness Management School\",\"url\":\"https:\/\/www.fms.com.es\/inicio\/\",\"sameAs\":[\"https:\/\/www.linkedin.com\/company\/fitness-management-school\/\"],\"logo\":{\"@type\":\"ImageObject\",\"@id\":\"https:\/\/www.fms.com.es\/inicio\/#logo\",\"inLanguage\":\"es\",\"url\":\"https:\/\/www.fms.com.es\/wp-content\/uploads\/2019\/08\/fms-icon.png\",\"width\":44,\"height\":43,\"caption\":\"Fitness Management School\"},\"image\":{\"@id\":\"https:\/\/www.fms.com.es\/inicio\/#logo\"}},{\"@type\":\"WebSite\",\"@id\":\"https:\/\/www.fms.com.es\/inicio\/#website\",\"url\":\"https:\/\/www.fms.com.es\/inicio\/\",\"name\":\"Fitness Management School\",\"description\":\"\\ud83c\\udfc5 Formaci\\u00f3n de alto nivel para directivos y gestores de fitness \\ud83d\\udd1c  Pr\\u00f3xima formaci\\u00f3n: Programa Desarrollo Directivo\",\"publisher\":{\"@id\":\"https:\/\/www.fms.com.es\/inicio\/#organization\"},\"potentialAction\":[{\"@type\":\"SearchAction\",\"target\":\"https:\/\/www.fms.com.es\/inicio\/?s={search_term_string}\",\"query-input\":\"required name=search_term_string\"}],\"inLanguage\":\"es\"},{\"@type\":\"WebPage\",\"@id\":\"https:\/\/www.fms.com.es\/inicio\/informe-covid-19\/#webpage\",\"url\":\"https:\/\/www.fms.com.es\/inicio\/informe-covid-19\/\",\"name\":\"| Fitness Management School\",\"isPartOf\":{\"@id\":\"https:\/\/www.fms.com.es\/inicio\/#website\"},\"datePublished\":\"2020-04-22T14:05:10+00:00\",\"dateModified\":\"2020-04-22T14:35:14+00:00\",\"inLanguage\":\"es\",\"potentialAction\":[{\"@type\":\"ReadAction\",\"target\":[\"https:\/\/www.fms.com.es\/inicio\/informe-covid-19\/\"]}]}]}<\/script>\n<!-- \/ Yoast SEO plugin. -->","_links":{"self":[{"href":"https:\/\/www.fms.com.es\/inicio\/wp-json\/wp\/v2\/pages\/1354"}],"collection":[{"href":"https:\/\/www.fms.com.es\/inicio\/wp-json\/wp\/v2\/pages"}],"about":[{"href":"https:\/\/www.fms.com.es\/inicio\/wp-json\/wp\/v2\/types\/page"}],"author":[{"embeddable":true,"href":"https:\/\/www.fms.com.es\/inicio\/wp-json\/wp\/v2\/users\/1"}],"replies":[{"embeddable":true,"href":"https:\/\/www.fms.com.es\/inicio\/wp-json\/wp\/v2\/comments?post=1354"}],"version-history":[{"count":6,"href":"https:\/\/www.fms.com.es\/inicio\/wp-json\/wp\/v2\/pages\/1354\/revisions"}],"predecessor-version":[{"id":1688,"href":"https:\/\/www.fms.com.es\/inicio\/wp-json\/wp\/v2\/pages\/1354\/revisions\/1688"}],"wp:attachment":[{"href":"https:\/\/www.fms.com.es\/inicio\/wp-json\/wp\/v2\/media?parent=1354"}],"curies":[{"name":"wp","href":"https:\/\/api.w.org\/{rel}","templated":true}]}}