{"id":1608,"date":"2020-05-26T21:55:24","date_gmt":"2020-05-26T21:55:24","guid":{"rendered":"https:\/\/www.fms.com.es\/inicio\/?page_id=1608"},"modified":"2020-06-06T16:50:11","modified_gmt":"2020-06-06T16:50:11","slug":"testimonios","status":"publish","type":"page","link":"https:\/\/www.fms.com.es\/inicio\/testimonios\/","title":{"rendered":"TESTIMONIOS"},"content":{"rendered":"<p>[vc_row css=\u00bb.vc_custom_1591462210856{margin-right: 0px !important;margin-left: 0px !important;border-right-width: 0px !important;border-left-width: 0px !important;padding-top: 30px !important;padding-right: 0px !important;padding-bottom: 90px !important;padding-left: 0px !important;}\u00bb el_id=\u00bbtestimonials\u00bb][vc_column][vc_column_text]<\/p>\n<p style=\"text-align: center;\">Nos mueve la pasi\u00f3n por influir de manera positiva en el desarrollo de los profesionales del fitness. Las opiniones de nuestros alumnos nos hacen sentir que vamos por el buen camino.<\/p>\n<p>[\/vc_column_text]<div id=\"lvca-spacer-69f82502afbac\" class=\"lvca-spacer\" data-settings='{\"desktop_spacing\":50,\"tablet_spacing\":30,\"tablet_width\":960,\"mobile_spacing\":10,\"mobile_width\":480}'><\/div><div class=\"lvca-testimonials lvca-grid-container  lvca-grid-desktop-3 lvca-grid-tablet-2 lvca-grid-mobile-1\"><div class=\"lvca-grid-item lvca-testimonial \" ><div class=\"lvca-testimonial-text\">Para mi ha sido un aprendizaje tanto profesional, como personal. Creo que estaba dormido antes de este aprendizaje y que gracias a un muy buen amigo, que fue quien me lo aconsej\u00f3, he conseguido despertar y volver a motivarme para hacer algo diferente y creativo.<\/div><div class=\"lvca-testimonial-user\"><div class=\"lvca-image-wrapper\"><img width=\"150\" height=\"150\" src=\"https:\/\/www.fms.com.es\/wp-content\/uploads\/2020\/06\/rafael_romero-150x150.jpg\" class=\"lvca-image full\" alt=\"\" loading=\"lazy\" srcset=\"https:\/\/www.fms.com.es\/wp-content\/uploads\/2020\/06\/rafael_romero-150x150.jpg 150w, https:\/\/www.fms.com.es\/wp-content\/uploads\/2020\/06\/rafael_romero-300x300.jpg 300w, https:\/\/www.fms.com.es\/wp-content\/uploads\/2020\/06\/rafael_romero-100x100.jpg 100w, https:\/\/www.fms.com.es\/wp-content\/uploads\/2020\/06\/rafael_romero-600x600.jpg 600w, https:\/\/www.fms.com.es\/wp-content\/uploads\/2020\/06\/rafael_romero-768x768.jpg 768w, https:\/\/www.fms.com.es\/wp-content\/uploads\/2020\/06\/rafael_romero.jpg 800w\" sizes=\"(max-width: 150px) 100vw, 150px\" \/><\/div><div class=\"lvca-text\"><h4 class=\"lvca-author-name\">RAFAEL ROMERO<\/h4><div class=\"lvca-author-credentials\">Gerente (Fivestars Fitness - Marbella)<\/div><\/div><\/div><\/div><div class=\"lvca-grid-item lvca-testimonial \" ><div class=\"lvca-testimonial-text\">Gracias al PDD he podido escuchar y aprender de profesionales que llevan muchos a\u00f1os en la primera l\u00ednea del sector y por tanto con muchas experiencias que aportar. Me ha removido y ha conseguido que me vuelva a replantear muchas cosas en mi forma de trabajar.<\/div><div class=\"lvca-testimonial-user\"><div class=\"lvca-image-wrapper\"><img width=\"150\" height=\"150\" src=\"https:\/\/www.fms.com.es\/wp-content\/uploads\/2020\/06\/marta_eceolaza-150x150.jpg\" class=\"lvca-image full\" alt=\"\" loading=\"lazy\" srcset=\"https:\/\/www.fms.com.es\/wp-content\/uploads\/2020\/06\/marta_eceolaza-150x150.jpg 150w, https:\/\/www.fms.com.es\/wp-content\/uploads\/2020\/06\/marta_eceolaza-300x300.jpg 300w, https:\/\/www.fms.com.es\/wp-content\/uploads\/2020\/06\/marta_eceolaza-100x100.jpg 100w, https:\/\/www.fms.com.es\/wp-content\/uploads\/2020\/06\/marta_eceolaza-600x600.jpg 600w, https:\/\/www.fms.com.es\/wp-content\/uploads\/2020\/06\/marta_eceolaza-768x768.jpg 768w, https:\/\/www.fms.com.es\/wp-content\/uploads\/2020\/06\/marta_eceolaza.jpg 800w\" sizes=\"(max-width: 150px) 100vw, 150px\" \/><\/div><div class=\"lvca-text\"><h4 class=\"lvca-author-name\">MARTA ECEOLAZA<\/h4><div class=\"lvca-author-credentials\">Gerente (On Fitness - Pamplona)<\/div><\/div><\/div><\/div><div class=\"lvca-grid-item lvca-testimonial \" ><div class=\"lvca-testimonial-text\">Me llevo una familia para toda la vida. Empezaron siendo compa\u00f1eros de profesi\u00f3n y terminaron siendo amigos y confidentes de profesi\u00f3n. Volver\u00eda a repetir la experiencia a\u00f1o tras a\u00f1o. Felicidades a la organizaci\u00f3n por la selecci\u00f3n de los contenidos y al profesorado por ense\u00f1arnos el camino los pr\u00f3ximos a\u00f1os.<\/div><div class=\"lvca-testimonial-user\"><div class=\"lvca-image-wrapper\"><img width=\"150\" height=\"150\" src=\"https:\/\/www.fms.com.es\/wp-content\/uploads\/2020\/06\/juan_francisco_ramirez-150x150.jpg\" class=\"lvca-image full\" alt=\"\" loading=\"lazy\" srcset=\"https:\/\/www.fms.com.es\/wp-content\/uploads\/2020\/06\/juan_francisco_ramirez-150x150.jpg 150w, https:\/\/www.fms.com.es\/wp-content\/uploads\/2020\/06\/juan_francisco_ramirez-300x300.jpg 300w, https:\/\/www.fms.com.es\/wp-content\/uploads\/2020\/06\/juan_francisco_ramirez-100x100.jpg 100w, https:\/\/www.fms.com.es\/wp-content\/uploads\/2020\/06\/juan_francisco_ramirez-600x600.jpg 600w, https:\/\/www.fms.com.es\/wp-content\/uploads\/2020\/06\/juan_francisco_ramirez-768x768.jpg 768w, https:\/\/www.fms.com.es\/wp-content\/uploads\/2020\/06\/juan_francisco_ramirez.jpg 800w\" sizes=\"(max-width: 150px) 100vw, 150px\" \/><\/div><div class=\"lvca-text\"><h4 class=\"lvca-author-name\">JUAN FRANCISCO RAM\u00cdREZ<\/h4><div class=\"lvca-author-credentials\">Director de Operaciones (Infinit Fitness - Madrid)<\/div><\/div><\/div><\/div><div class=\"lvca-grid-item lvca-testimonial \" ><div class=\"lvca-testimonial-text\">Entusiasmado con el PDD, en todas sus partes, me ha proporcionado visi\u00f3n del sector y nuevas herramientas para la gesti\u00f3n de centros deportivos. Su organizaci\u00f3n y din\u00e1mica permiten aprender un sinf\u00edn de lecciones clave.<\/div><div class=\"lvca-testimonial-user\"><div class=\"lvca-image-wrapper\"><img width=\"150\" height=\"150\" src=\"https:\/\/www.fms.com.es\/wp-content\/uploads\/2020\/06\/josep_vinas-150x150.jpg\" class=\"lvca-image full\" alt=\"\" loading=\"lazy\" srcset=\"https:\/\/www.fms.com.es\/wp-content\/uploads\/2020\/06\/josep_vinas-150x150.jpg 150w, https:\/\/www.fms.com.es\/wp-content\/uploads\/2020\/06\/josep_vinas-300x300.jpg 300w, https:\/\/www.fms.com.es\/wp-content\/uploads\/2020\/06\/josep_vinas-100x100.jpg 100w, https:\/\/www.fms.com.es\/wp-content\/uploads\/2020\/06\/josep_vinas-600x600.jpg 600w, https:\/\/www.fms.com.es\/wp-content\/uploads\/2020\/06\/josep_vinas-768x768.jpg 768w, https:\/\/www.fms.com.es\/wp-content\/uploads\/2020\/06\/josep_vinas.jpg 800w\" sizes=\"(max-width: 150px) 100vw, 150px\" \/><\/div><div class=\"lvca-text\"><h4 class=\"lvca-author-name\">JOSEP VI\u00d1AS<\/h4><div class=\"lvca-author-credentials\">Club Manager (DiR - Barcelona)<\/div><\/div><\/div><\/div><div class=\"lvca-grid-item lvca-testimonial \" ><div class=\"lvca-testimonial-text\">El PDD ha sido todo un empuj\u00f3n profesional, una ventana abierta a un sector en constante cambio y una perspectiva de 360\u00ba que ha aportado nuevos retos y motivaciones en mi d\u00eda a d\u00eda. La calidad de los ponentes, la de mis compa\u00f1eros y el buen desarrollo de cada m\u00f3dulo por parte de la organizaci\u00f3n han sido claves para una valoraci\u00f3n diez.<\/div><div class=\"lvca-testimonial-user\"><div class=\"lvca-image-wrapper\"><img width=\"150\" height=\"150\" src=\"https:\/\/www.fms.com.es\/wp-content\/uploads\/2020\/06\/joaquin_abad-150x150.jpg\" class=\"lvca-image full\" alt=\"\" loading=\"lazy\" srcset=\"https:\/\/www.fms.com.es\/wp-content\/uploads\/2020\/06\/joaquin_abad-150x150.jpg 150w, https:\/\/www.fms.com.es\/wp-content\/uploads\/2020\/06\/joaquin_abad-300x300.jpg 300w, https:\/\/www.fms.com.es\/wp-content\/uploads\/2020\/06\/joaquin_abad-100x100.jpg 100w, https:\/\/www.fms.com.es\/wp-content\/uploads\/2020\/06\/joaquin_abad-600x600.jpg 600w, https:\/\/www.fms.com.es\/wp-content\/uploads\/2020\/06\/joaquin_abad-768x768.jpg 768w, https:\/\/www.fms.com.es\/wp-content\/uploads\/2020\/06\/joaquin_abad.jpg 800w\" sizes=\"(max-width: 150px) 100vw, 150px\" \/><\/div><div class=\"lvca-text\"><h4 class=\"lvca-author-name\">JOAQU\u00cdN ABAD<\/h4><div class=\"lvca-author-credentials\">Coordinador General (Club Deportivo Arena - Alicante)<\/div><\/div><\/div><\/div><div class=\"lvca-grid-item lvca-testimonial \" ><div class=\"lvca-testimonial-text\">A nivel formativo, haber participado en PDD ha sido muy positivo. No tengo m\u00e1s que palabras de agradecimiento al programa y a su direcci\u00f3n. Espero poder conservar e incrementar toda la ilusi\u00f3n que me han transmitido.<\/div><div class=\"lvca-testimonial-user\"><div class=\"lvca-image-wrapper\"><img width=\"150\" height=\"150\" src=\"https:\/\/www.fms.com.es\/wp-content\/uploads\/2020\/06\/francisco_martinez-150x150.jpg\" class=\"lvca-image full\" alt=\"\" loading=\"lazy\" srcset=\"https:\/\/www.fms.com.es\/wp-content\/uploads\/2020\/06\/francisco_martinez-150x150.jpg 150w, https:\/\/www.fms.com.es\/wp-content\/uploads\/2020\/06\/francisco_martinez-300x300.jpg 300w, https:\/\/www.fms.com.es\/wp-content\/uploads\/2020\/06\/francisco_martinez-100x100.jpg 100w, https:\/\/www.fms.com.es\/wp-content\/uploads\/2020\/06\/francisco_martinez-600x600.jpg 600w, https:\/\/www.fms.com.es\/wp-content\/uploads\/2020\/06\/francisco_martinez-768x768.jpg 768w, https:\/\/www.fms.com.es\/wp-content\/uploads\/2020\/06\/francisco_martinez.jpg 800w\" sizes=\"(max-width: 150px) 100vw, 150px\" \/><\/div><div class=\"lvca-text\"><h4 class=\"lvca-author-name\">FRANCISCO MART\u00cdNEZ<\/h4><div class=\"lvca-author-credentials\">Gerente (Espagat - Santiago)<\/div><\/div><\/div><\/div><div class=\"lvca-grid-item lvca-testimonial \" ><div class=\"lvca-testimonial-text\">Sin duda el mejor Programa de Desarrollo Directivo especializado en el sector del Fitness. El nivel del profesorado es muy alto, los temas se trataron con una buena relaci\u00f3n te\u00f3rico-pr\u00e1ctica y me han aportado muchas herramientas para afrontar el d\u00eda a d\u00eda de forma m\u00e1s eficiente.<\/div><div class=\"lvca-testimonial-user\"><div class=\"lvca-image-wrapper\"><img width=\"150\" height=\"150\" src=\"https:\/\/www.fms.com.es\/wp-content\/uploads\/2020\/06\/eduardo_valiente-150x150.jpg\" class=\"lvca-image full\" alt=\"\" loading=\"lazy\" srcset=\"https:\/\/www.fms.com.es\/wp-content\/uploads\/2020\/06\/eduardo_valiente-150x150.jpg 150w, https:\/\/www.fms.com.es\/wp-content\/uploads\/2020\/06\/eduardo_valiente-300x300.jpg 300w, https:\/\/www.fms.com.es\/wp-content\/uploads\/2020\/06\/eduardo_valiente-100x100.jpg 100w, https:\/\/www.fms.com.es\/wp-content\/uploads\/2020\/06\/eduardo_valiente-600x600.jpg 600w, https:\/\/www.fms.com.es\/wp-content\/uploads\/2020\/06\/eduardo_valiente-768x768.jpg 768w, https:\/\/www.fms.com.es\/wp-content\/uploads\/2020\/06\/eduardo_valiente.jpg 800w\" sizes=\"(max-width: 150px) 100vw, 150px\" \/><\/div><div class=\"lvca-text\"><h4 class=\"lvca-author-name\">EDUARDO VALIENTE<\/h4><div class=\"lvca-author-credentials\">Gerente (Aira Sport - C\u00f3rdoba)<\/div><\/div><\/div><\/div><div class=\"lvca-grid-item lvca-testimonial \" ><div class=\"lvca-testimonial-text\">Si est\u00e1s dispuesto a crecer profesionalmente como directivo y quieres que la empresa para la que trabajas mejore sus resultados&#8230;este programa es, sin duda, el pr\u00f3ximo paso que tienes que dar.<\/div><div class=\"lvca-testimonial-user\"><div class=\"lvca-image-wrapper\"><img width=\"150\" height=\"150\" src=\"https:\/\/www.fms.com.es\/wp-content\/uploads\/2020\/06\/edu_bollegui-150x150.jpg\" class=\"lvca-image full\" alt=\"\" loading=\"lazy\" srcset=\"https:\/\/www.fms.com.es\/wp-content\/uploads\/2020\/06\/edu_bollegui-150x150.jpg 150w, https:\/\/www.fms.com.es\/wp-content\/uploads\/2020\/06\/edu_bollegui-300x300.jpg 300w, https:\/\/www.fms.com.es\/wp-content\/uploads\/2020\/06\/edu_bollegui-100x100.jpg 100w, https:\/\/www.fms.com.es\/wp-content\/uploads\/2020\/06\/edu_bollegui-600x600.jpg 600w, https:\/\/www.fms.com.es\/wp-content\/uploads\/2020\/06\/edu_bollegui-768x768.jpg 768w, https:\/\/www.fms.com.es\/wp-content\/uploads\/2020\/06\/edu_bollegui.jpg 800w\" sizes=\"(max-width: 150px) 100vw, 150px\" \/><\/div><div class=\"lvca-text\"><h4 class=\"lvca-author-name\">EDU BOLLEGUI<\/h4><div class=\"lvca-author-credentials\">Director T\u00e9cnico (UP - Bilbao)<\/div><\/div><\/div><\/div><div class=\"lvca-grid-item lvca-testimonial \" ><div class=\"lvca-testimonial-text\">Mucho m\u00e1s que un curso, este PDD ha sido una gran experiencia de crecimiento personal y profesional. En un entorno cada vez m\u00e1s competitivo y desafiante, estar bien preparados es sin duda lo que nos permite afrontar los nuevos retos de la actualidad.<\/div><div class=\"lvca-testimonial-user\"><div class=\"lvca-image-wrapper\"><img width=\"150\" height=\"150\" src=\"https:\/\/www.fms.com.es\/wp-content\/uploads\/2020\/06\/cristina_rueff-150x150.jpg\" class=\"lvca-image full\" alt=\"\" loading=\"lazy\" srcset=\"https:\/\/www.fms.com.es\/wp-content\/uploads\/2020\/06\/cristina_rueff-150x150.jpg 150w, https:\/\/www.fms.com.es\/wp-content\/uploads\/2020\/06\/cristina_rueff-300x300.jpg 300w, https:\/\/www.fms.com.es\/wp-content\/uploads\/2020\/06\/cristina_rueff-100x100.jpg 100w, https:\/\/www.fms.com.es\/wp-content\/uploads\/2020\/06\/cristina_rueff-600x600.jpg 600w, https:\/\/www.fms.com.es\/wp-content\/uploads\/2020\/06\/cristina_rueff-768x768.jpg 768w, https:\/\/www.fms.com.es\/wp-content\/uploads\/2020\/06\/cristina_rueff.jpg 800w\" sizes=\"(max-width: 150px) 100vw, 150px\" \/><\/div><div class=\"lvca-text\"><h4 class=\"lvca-author-name\">CRISTINA RUEFF<\/h4><div class=\"lvca-author-credentials\">Directora de ventas y fidelizaci\u00f3n (Grupo Claror - Barcelona)<\/div><\/div><\/div><\/div><\/div>[\/vc_column][\/vc_row]<\/p>\n","protected":false},"excerpt":{"rendered":"<p>[vc_row css=\u00bb.vc_custom_1591462210856{margin-right: 0px !important;margin-left: 0px !important;border-right-width: 0px !important;border-left-width: 0px !important;padding-top: 30px !important;padding-right: 0px !important;padding-bottom: 90px !important;padding-left: 0px !important;}\u00bb el_id=\u00bbtestimonials\u00bb][vc_column][vc_column_text] Nos mueve la pasi\u00f3n por influir de manera positiva en el desarrollo de los profesionales del fitness. Las opiniones de nuestros alumnos nos hacen sentir que vamos por el buen camino. [\/vc_column_text][\/vc_column][\/vc_row]<\/p>\n","protected":false},"author":1,"featured_media":0,"parent":0,"menu_order":0,"comment_status":"closed","ping_status":"closed","template":"","meta":[],"yoast_head":"<!-- This site is optimized with the Yoast SEO plugin v14.9 - https:\/\/yoast.com\/wordpress\/plugins\/seo\/ -->\n<title>| Fitness Management School<\/title>\n<meta name=\"robots\" content=\"index, follow, max-snippet:-1, max-image-preview:large, max-video-preview:-1\" \/>\n<link rel=\"canonical\" href=\"https:\/\/www.fms.com.es\/inicio\/testimonios\/\" \/>\n<meta property=\"og:locale\" content=\"es_ES\" \/>\n<meta property=\"og:type\" content=\"article\" \/>\n<meta property=\"og:title\" content=\"| Fitness Management School\" \/>\n<meta property=\"og:description\" content=\"[vc_row css=\u00bb.vc_custom_1591462210856{margin-right: 0px !important;margin-left: 0px !important;border-right-width: 0px !important;border-left-width: 0px !important;padding-top: 30px !important;padding-right: 0px !important;padding-bottom: 90px !important;padding-left: 0px !important;}\u00bb el_id=\u00bbtestimonials\u00bb][vc_column][vc_column_text] Nos mueve la pasi\u00f3n por influir de manera positiva en el desarrollo de los profesionales del fitness. Las opiniones de nuestros alumnos nos hacen sentir que vamos por el buen camino. [\/vc_column_text][\/vc_column][\/vc_row]\" \/>\n<meta property=\"og:url\" content=\"https:\/\/www.fms.com.es\/inicio\/testimonios\/\" \/>\n<meta property=\"og:site_name\" content=\"Fitness Management School\" \/>\n<meta property=\"article:modified_time\" content=\"2020-06-06T16:50:11+00:00\" \/>\n<meta name=\"twitter:card\" content=\"summary_large_image\" \/>\n<script type=\"application\/ld+json\" class=\"yoast-schema-graph\">{\"@context\":\"https:\/\/schema.org\",\"@graph\":[{\"@type\":\"Organization\",\"@id\":\"https:\/\/www.fms.com.es\/inicio\/#organization\",\"name\":\"Fitness Management School\",\"url\":\"https:\/\/www.fms.com.es\/inicio\/\",\"sameAs\":[\"https:\/\/www.linkedin.com\/company\/fitness-management-school\/\"],\"logo\":{\"@type\":\"ImageObject\",\"@id\":\"https:\/\/www.fms.com.es\/inicio\/#logo\",\"inLanguage\":\"es\",\"url\":\"https:\/\/www.fms.com.es\/wp-content\/uploads\/2019\/08\/fms-icon.png\",\"width\":44,\"height\":43,\"caption\":\"Fitness Management School\"},\"image\":{\"@id\":\"https:\/\/www.fms.com.es\/inicio\/#logo\"}},{\"@type\":\"WebSite\",\"@id\":\"https:\/\/www.fms.com.es\/inicio\/#website\",\"url\":\"https:\/\/www.fms.com.es\/inicio\/\",\"name\":\"Fitness Management School\",\"description\":\"\\ud83c\\udfc5 Formaci\\u00f3n de alto nivel para directivos y gestores de fitness \\ud83d\\udd1c  Pr\\u00f3xima formaci\\u00f3n: Programa Desarrollo Directivo\",\"publisher\":{\"@id\":\"https:\/\/www.fms.com.es\/inicio\/#organization\"},\"potentialAction\":[{\"@type\":\"SearchAction\",\"target\":\"https:\/\/www.fms.com.es\/inicio\/?s={search_term_string}\",\"query-input\":\"required name=search_term_string\"}],\"inLanguage\":\"es\"},{\"@type\":\"WebPage\",\"@id\":\"https:\/\/www.fms.com.es\/inicio\/testimonios\/#webpage\",\"url\":\"https:\/\/www.fms.com.es\/inicio\/testimonios\/\",\"name\":\"| Fitness Management School\",\"isPartOf\":{\"@id\":\"https:\/\/www.fms.com.es\/inicio\/#website\"},\"datePublished\":\"2020-05-26T21:55:24+00:00\",\"dateModified\":\"2020-06-06T16:50:11+00:00\",\"inLanguage\":\"es\",\"potentialAction\":[{\"@type\":\"ReadAction\",\"target\":[\"https:\/\/www.fms.com.es\/inicio\/testimonios\/\"]}]}]}<\/script>\n<!-- \/ Yoast SEO plugin. -->","_links":{"self":[{"href":"https:\/\/www.fms.com.es\/inicio\/wp-json\/wp\/v2\/pages\/1608"}],"collection":[{"href":"https:\/\/www.fms.com.es\/inicio\/wp-json\/wp\/v2\/pages"}],"about":[{"href":"https:\/\/www.fms.com.es\/inicio\/wp-json\/wp\/v2\/types\/page"}],"author":[{"embeddable":true,"href":"https:\/\/www.fms.com.es\/inicio\/wp-json\/wp\/v2\/users\/1"}],"replies":[{"embeddable":true,"href":"https:\/\/www.fms.com.es\/inicio\/wp-json\/wp\/v2\/comments?post=1608"}],"version-history":[{"count":5,"href":"https:\/\/www.fms.com.es\/inicio\/wp-json\/wp\/v2\/pages\/1608\/revisions"}],"predecessor-version":[{"id":1782,"href":"https:\/\/www.fms.com.es\/inicio\/wp-json\/wp\/v2\/pages\/1608\/revisions\/1782"}],"wp:attachment":[{"href":"https:\/\/www.fms.com.es\/inicio\/wp-json\/wp\/v2\/media?parent=1608"}],"curies":[{"name":"wp","href":"https:\/\/api.w.org\/{rel}","templated":true}]}}