{"id":2050,"date":"2020-09-04T09:00:25","date_gmt":"2020-09-04T09:00:25","guid":{"rendered":"https:\/\/www.fms.com.es\/inicio\/?page_id=2050"},"modified":"2021-07-07T10:09:27","modified_gmt":"2021-07-07T10:09:27","slug":"sesion-informativa","status":"publish","type":"page","link":"https:\/\/www.fms.com.es\/inicio\/sesion-informativa\/","title":{"rendered":"Sesi\u00f3n informativa"},"content":{"rendered":"<p>[vc_row full_width=\u00bbstretch_row\u00bb content_placement=\u00bbmiddle\u00bb][vc_column]<link href=\"https:\/\/fonts.googleapis.com\/css?family=Roboto:900\" rel=\"stylesheet\" property=\"stylesheet\" type=\"text\/css\" media=\"all\">\n<div id=\"rev_slider_6_1_wrapper\" class=\"rev_slider_wrapper fullwidthbanner-container\" data-source=\"gallery\" style=\"margin:0px auto;background:transparent;padding:0px;margin-top:0px;margin-bottom:0px;\">\n<!-- START REVOLUTION SLIDER 5.4.7 fullwidth mode -->\n\t<div id=\"rev_slider_6_1\" class=\"rev_slider fullwidthabanner tp-overflow-hidden\" style=\"display:none;\" data-version=\"5.4.7\">\n<ul>\t<!-- SLIDE  -->\n\t<li data-index=\"rs-20\" data-transition=\"notransition\" data-slotamount=\"default\" data-hideafterloop=\"0\" data-hideslideonmobile=\"off\"  data-easein=\"default\" data-easeout=\"default\" data-masterspeed=\"default\"  data-thumb=\"https:\/\/www.fms.com.es\/wp-content\/uploads\/2020\/09\/teamwork-100x50.jpg\"  data-rotate=\"0\"  data-saveperformance=\"off\"  data-invisible=\"true\"  data-mediafilter=\"aden\" data-title=\"Slide\" data-param1=\"\" data-param2=\"\" data-param3=\"\" data-param4=\"\" data-param5=\"\" data-param6=\"\" data-param7=\"\" data-param8=\"\" data-param9=\"\" data-param10=\"\" data-description=\"\">\n\t\t<!-- MAIN IMAGE -->\n\t\t<img src=\"https:\/\/www.fms.com.es\/wp-content\/plugins\/revslider\/admin\/assets\/images\/dummy.png\"  alt=\"\" title=\"teamwork\"  width=\"1920\" height=\"1080\" data-lazyload=\"https:\/\/www.fms.com.es\/wp-content\/uploads\/2020\/09\/teamwork.jpg\" data-bgposition=\"center center\" data-bgfit=\"100% 100%\" data-bgrepeat=\"no-repeat\" data-bgparallax=\"off\" class=\"rev-slidebg\" data-no-retina>\n\t\t<!-- LAYERS -->\n\n\t\t<!-- LAYER NR. 1 -->\n\t\t<div class=\"tp-caption   tp-resizeme\" \n\t\t\t id=\"slide-20-layer-30\" \n\t\t\t data-x=\"['left','left','center','center']\" data-hoffset=\"['140','140','-183','0']\" \n\t\t\t data-y=\"['top','top','top','top']\" data-voffset=\"['128','128','188','157']\" \n\t\t\t\t\t\tdata-color=\"['rgb(255,255,255)','rgb(255,255,255)','rgb(255,255,255)','rgb(34,34,34)']\"\n\t\t\tdata-width=\"['260','260','228','228']\"\n\t\t\tdata-height=\"['26','26','27','27']\"\n\t\t\tdata-whitespace=\"normal\"\n\t\t\tdata-visibility=\"['off','off','off','on']\"\n \n\t\t\tdata-type=\"text\" \n\t\t\tdata-responsive_offset=\"on\" \n\n\t\t\tdata-frames='[{\"delay\":10,\"speed\":3010,\"frame\":\"0\",\"from\":\"opacity:0;\",\"to\":\"o:1;\",\"ease\":\"Power3.easeInOut\"},{\"delay\":\"wait\",\"speed\":300,\"frame\":\"999\",\"to\":\"opacity:0;\",\"ease\":\"Power3.easeInOut\"}]'\n\t\t\tdata-textAlign=\"['inherit','inherit','inherit','inherit']\"\n\t\t\tdata-paddingtop=\"[0,0,0,0]\"\n\t\t\tdata-paddingright=\"[0,0,0,0]\"\n\t\t\tdata-paddingbottom=\"[0,0,0,0]\"\n\t\t\tdata-paddingleft=\"[0,0,0,0]\"\n\n\t\t\tstyle=\"z-index: 5; min-width: 260px; max-width: 260px; max-width: 26px; max-width: 26px; white-space: normal; font-size: 21px; line-height: 25px; font-weight: 900; color: #ffffff; letter-spacing: 0px;font-family:Roboto;background-color:rgba(66,66,66,0);\">SESI\u00d3N INFORMATIVA <\/div>\n\n\t\t<!-- LAYER NR. 2 -->\n\t\t<div class=\"tp-caption   tp-resizeme\" \n\t\t\t id=\"slide-20-layer-26\" \n\t\t\t data-x=\"['left','left','left','center']\" data-hoffset=\"['138','138','93','0']\" \n\t\t\t data-y=\"['top','top','top','top']\" data-voffset=\"['180','180','249','228']\" \n\t\t\t\t\t\tdata-fontsize=\"['50','50','40','25']\"\n\t\t\tdata-lineheight=\"['75','75','75','50']\"\n\t\t\tdata-width=\"['618','618','501','328']\"\n\t\t\tdata-height=\"['75','75','75','52']\"\n\t\t\tdata-whitespace=\"normal\"\n \n\t\t\tdata-type=\"text\" \n\t\t\tdata-responsive_offset=\"on\" \n\n\t\t\tdata-frames='[{\"delay\":870,\"speed\":1700,\"frame\":\"0\",\"from\":\"x:-50px;opacity:0;\",\"to\":\"o:1;\",\"ease\":\"Power4.easeInOut\"},{\"delay\":\"wait\",\"speed\":300,\"frame\":\"999\",\"to\":\"opacity:0;\",\"ease\":\"Power3.easeInOut\"}]'\n\t\t\tdata-textAlign=\"['inherit','inherit','inherit','center']\"\n\t\t\tdata-paddingtop=\"[0,0,0,0]\"\n\t\t\tdata-paddingright=\"[10,10,10,10]\"\n\t\t\tdata-paddingbottom=\"[0,0,0,0]\"\n\t\t\tdata-paddingleft=\"[10,10,10,10]\"\n\n\t\t\tstyle=\"z-index: 6; min-width: 618px; max-width: 618px; max-width: 75px; max-width: 75px; white-space: normal; font-size: 50px; line-height: 75px; font-weight: 900; color: #424242; letter-spacing: 0px;font-family:Roboto;background-color:rgb(255,255,255);\">\u00bfQUIERES CONOCER M\u00c1S <\/div>\n\n\t\t<!-- LAYER NR. 3 -->\n\t\t<div class=\"tp-caption   tp-resizeme\" \n\t\t\t id=\"slide-20-layer-27\" \n\t\t\t data-x=\"['left','left','center','center']\" data-hoffset=\"['137','137','-51','0']\" \n\t\t\t data-y=\"['top','top','top','top']\" data-voffset=\"['266','266','341','288']\" \n\t\t\t\t\t\tdata-fontsize=\"['50','50','40','25']\"\n\t\t\tdata-lineheight=\"['75','75','75','50']\"\n\t\t\tdata-width=\"['611','611','491','323']\"\n\t\t\tdata-height=\"['75','75','76','51']\"\n\t\t\tdata-whitespace=\"normal\"\n \n\t\t\tdata-type=\"text\" \n\t\t\tdata-responsive_offset=\"on\" \n\n\t\t\tdata-frames='[{\"delay\":940,\"speed\":2000,\"frame\":\"0\",\"from\":\"x:-50px;opacity:0;\",\"to\":\"o:1;\",\"ease\":\"Power4.easeInOut\"},{\"delay\":\"wait\",\"speed\":300,\"frame\":\"999\",\"to\":\"opacity:0;\",\"ease\":\"Power3.easeInOut\"}]'\n\t\t\tdata-textAlign=\"['inherit','inherit','inherit','center']\"\n\t\t\tdata-paddingtop=\"[0,0,0,0]\"\n\t\t\tdata-paddingright=\"[10,10,10,10]\"\n\t\t\tdata-paddingbottom=\"[0,0,0,0]\"\n\t\t\tdata-paddingleft=\"[10,10,10,10]\"\n\n\t\t\tstyle=\"z-index: 7; min-width: 611px; max-width: 611px; max-width: 75px; max-width: 75px; white-space: normal; font-size: 50px; line-height: 75px; font-weight: 900; color: #424242; letter-spacing: 0px;font-family:Roboto;background-color:rgb(255,255,255);\">ACERCA DEL PROGRAMA <\/div>\n\n\t\t<!-- LAYER NR. 4 -->\n\t\t<div class=\"tp-caption   tp-resizeme\" \n\t\t\t id=\"slide-20-layer-28\" \n\t\t\t data-x=\"['left','left','center','center']\" data-hoffset=\"['139','139','-8','0']\" \n\t\t\t data-y=\"['top','top','top','top']\" data-voffset=\"['357','357','431','348']\" \n\t\t\t\t\t\tdata-fontsize=\"['50','50','40','25']\"\n\t\t\tdata-lineheight=\"['75','75','75','50']\"\n\t\t\tdata-width=\"['713','713','574','372']\"\n\t\t\tdata-height=\"['75','75','76','none']\"\n\t\t\tdata-whitespace=\"normal\"\n \n\t\t\tdata-type=\"text\" \n\t\t\tdata-responsive_offset=\"on\" \n\n\t\t\tdata-frames='[{\"delay\":1020,\"speed\":2000,\"frame\":\"0\",\"from\":\"x:-50px;opacity:0;\",\"to\":\"o:1;\",\"ease\":\"Power4.easeInOut\"},{\"delay\":\"wait\",\"speed\":300,\"frame\":\"999\",\"to\":\"opacity:0;\",\"ease\":\"Power3.easeInOut\"}]'\n\t\t\tdata-textAlign=\"['inherit','inherit','inherit','center']\"\n\t\t\tdata-paddingtop=\"[0,0,0,0]\"\n\t\t\tdata-paddingright=\"[10,10,10,10]\"\n\t\t\tdata-paddingbottom=\"[0,0,0,0]\"\n\t\t\tdata-paddingleft=\"[10,10,10,10]\"\n\n\t\t\tstyle=\"z-index: 8; min-width: 713px; max-width: 713px; max-width: 75px; max-width: 75px; white-space: normal; font-size: 50px; line-height: 75px; font-weight: 900; color: #424242; letter-spacing: 0px;font-family:Roboto;background-color:rgb(255,255,255);\">DE DESARROLLO DIRECTIVO? <\/div>\n\n\t\t<!-- LAYER NR. 5 -->\n\t\t<div class=\"tp-caption   tp-resizeme\" \n\t\t\t id=\"slide-20-layer-32\" \n\t\t\t data-x=\"['left','left','center','center']\" data-hoffset=\"['140','140','-183','0']\" \n\t\t\t data-y=\"['top','top','top','top']\" data-voffset=\"['128','128','188','158']\" \n\t\t\t\t\t\tdata-width=\"['260','260','228','228']\"\n\t\t\tdata-height=\"['26','26','27','27']\"\n\t\t\tdata-whitespace=\"normal\"\n\t\t\tdata-visibility=\"['on','on','on','off']\"\n \n\t\t\tdata-type=\"text\" \n\t\t\tdata-responsive_offset=\"on\" \n\n\t\t\tdata-frames='[{\"delay\":770,\"speed\":1310,\"frame\":\"0\",\"from\":\"opacity:0;\",\"to\":\"o:1;\",\"ease\":\"Power3.easeInOut\"},{\"delay\":\"wait\",\"speed\":300,\"frame\":\"999\",\"to\":\"opacity:0;\",\"ease\":\"Power3.easeInOut\"}]'\n\t\t\tdata-textAlign=\"['inherit','inherit','inherit','inherit']\"\n\t\t\tdata-paddingtop=\"[0,0,0,0]\"\n\t\t\tdata-paddingright=\"[0,0,0,0]\"\n\t\t\tdata-paddingbottom=\"[0,0,0,0]\"\n\t\t\tdata-paddingleft=\"[0,0,0,0]\"\n\n\t\t\tstyle=\"z-index: 9; min-width: 260px; max-width: 260px; max-width: 26px; max-width: 26px; white-space: normal; font-size: 21px; line-height: 25px; font-weight: 900; color: #ffffff; letter-spacing: 0px;font-family:Roboto;background-color:rgba(66,66,66,0);\">SESI\u00d3N INFORMATIVA <\/div>\n\t<\/li>\n<\/ul>\n<div class=\"tp-bannertimer tp-bottom\" style=\"visibility: hidden !important;\"><\/div>\t<\/div>\n<script>var htmlDiv = document.getElementById(\"rs-plugin-settings-inline-css\"); var htmlDivCss=\"\";\n\t\t\t\tif(htmlDiv) {\n\t\t\t\t\thtmlDiv.innerHTML = htmlDiv.innerHTML + htmlDivCss;\n\t\t\t\t}else{\n\t\t\t\t\tvar htmlDiv = document.createElement(\"div\");\n\t\t\t\t\thtmlDiv.innerHTML = \"<style>\" + htmlDivCss + \"<\/style>\";\n\t\t\t\t\tdocument.getElementsByTagName(\"head\")[0].appendChild(htmlDiv.childNodes[0]);\n\t\t\t\t}\n\t\t\t<\/script>\n\t\t<script type=\"text\/javascript\">\nif (setREVStartSize!==undefined) setREVStartSize(\n\t{c: '#rev_slider_6_1', responsiveLevels: [1240,1240,778,480], gridwidth: [1400,1400,778,480], gridheight: [600,600,800,600], sliderLayout: 'fullwidth'});\n\t\t\t\nvar revapi6,\n\ttpj;\t\n(function() {\t\t\t\n\tif (!\/loaded|interactive|complete\/.test(document.readyState)) document.addEventListener(\"DOMContentLoaded\",onLoad)\n\t\telse\n\tonLoad();\n\t\n\tfunction onLoad() {\t\t\t\t\n\t\tif (tpj===undefined) {\n\t\t\ttpj = jQuery;\n\n\t\t\tif(\"off\" == \"on\") tpj.noConflict();\t\t\n\t\t}\n\tif(tpj(\"#rev_slider_6_1\").revolution == undefined){\n\t\trevslider_showDoubleJqueryError(\"#rev_slider_6_1\");\n\t}else{\n\t\trevapi6 = tpj(\"#rev_slider_6_1\").show().revolution({\n\t\t\tsliderType:\"hero\",\n\t\t\tjsFileLocation:\"\/\/www.fms.com.es\/wp-content\/plugins\/revslider\/public\/assets\/js\/\",\n\t\t\tsliderLayout:\"fullwidth\",\n\t\t\tdottedOverlay:\"none\",\n\t\t\tdelay:9000,\n\t\t\tresponsiveLevels:[1240,1240,778,480],\n\t\t\tvisibilityLevels:[1240,1240,778,480],\n\t\t\tgridwidth:[1400,1400,778,480],\n\t\t\tgridheight:[600,600,800,600],\n\t\t\tlazyType:\"smart\",\n\t\t\tparallax: {\n\t\t\t\ttype:\"mouse\",\n\t\t\t\torigo:\"slidercenter\",\n\t\t\t\tspeed:2000,\n\t\t\t\tspeedbg:0,\n\t\t\t\tspeedls:0,\n\t\t\t\tlevels:[2,3,4,5,6,7,12,16,10,50,47,48,49,50,51,55],\n\t\t\t},\n\t\t\tshadow:0,\n\t\t\tspinner:\"off\",\n\t\t\tautoHeight:\"off\",\n\t\t\tdisableProgressBar:\"on\",\n\t\t\thideThumbsOnMobile:\"on\",\n\t\t\thideSliderAtLimit:0,\n\t\t\thideCaptionAtLimit:0,\n\t\t\thideAllCaptionAtLilmit:0,\n\t\t\tdebugMode:false,\n\t\t\tfallbacks: {\n\t\t\t\tsimplifyAll:\"off\",\n\t\t\t\tdisableFocusListener:false,\n\t\t\t}\n\t\t});\n\t}; \/* END OF revapi call *\/\n\t\n }; \/* END OF ON LOAD FUNCTION *\/\n}()); \/* END OF WRAPPING FUNCTION *\/\n<\/script>\n\t\t<\/div><!-- END REVOLUTION SLIDER -->[\/vc_column][\/vc_row][vc_row full_width=\u00bbstretch_row\u00bb content_placement=\u00bbmiddle\u00bb css=\u00bb.vc_custom_1599218663475{padding-top: 90px !important;padding-bottom: 90px !important;}\u00bb el_class=\u00bbfull_width_paddings\u00bb][vc_column width=\u00bb1\/3&#8243;][vc_column_text el_class=\u00bbsesion_info\u00bb]<\/p>\n<h3><strong>Duraci\u00f3n aproximada<\/strong><\/h3>\n<p>35-40 minutos<\/p>\n<p>&nbsp;<\/p>\n<h3>Si est\u00e1s interesado en conocer m\u00e1s acerca de nuestro <strong>Programa de Desarrollo Directivo para directores y gestores de clubes de fitness<\/strong>, te invitamos a nuestra sesi\u00f3n informativa virtual en la que explicaremos c\u00f3mo este programa va a ser clave para avanzar en tu carrera profesional y llevar a tu empresa a un nivel superior.<\/h3>\n<p>&nbsp;<\/p>\n<h3>Estar\u00e1n presentes tanto el director de la Fitness Management School Espa\u00f1a, como el director de M\u00e9xico para dar respuesta a todas vuestras dudas.<\/h3>\n<p>&nbsp;<\/p>\n<h3>\u00a1Te esperamos!<\/h3>\n<p>[\/vc_column_text][\/vc_column][vc_column width=\u00bb1\/3&#8243;][vc_row_inner][vc_column_inner width=\u00bb1\/2&#8243;][vc_single_image image=\u00bb1913&#8243; alignment=\u00bbcenter\u00bb onclick=\u00bbcustom_link\u00bb link=\u00bbhttp:\/\/https:\/\/www.fms.com.es\/inicio\/team\/rodrigo-echeguren-gomez\/\u00bb el_class=\u00bbsesion_profile\u00bb][vc_column_text]<\/p>\n<p style=\"text-align: center;\"><strong>Rodrigo Echeguren<\/strong><br \/>\n<small style=\"color: #424242;\">Director FMS M\u00e9xico<\/small><\/p>\n<p>[\/vc_column_text][\/vc_column_inner][vc_column_inner width=\u00bb1\/2&#8243;][vc_single_image image=\u00bb2461&#8243; alignment=\u00bbcenter\u00bb onclick=\u00bbcustom_link\u00bb link=\u00bbhttps:\/\/www.fms.com.es\/inicio\/team\/pablo-vinaspre\/\u00bb el_class=\u00bbsesion_profile\u00bb][vc_column_text]<\/p>\n<p style=\"text-align: center;\"><strong>Pablo Vi\u00f1aspre<\/strong><br \/>\n<small style=\"color: #424242;\">Director FMS Espa\u00f1a<\/small><\/p>\n<p>[\/vc_column_text][\/vc_column_inner][\/vc_row_inner][vc_column_text el_class=\u00bbsesion_info_2&#8243;]<\/p>\n<h3><strong>FECHA:<\/strong><br \/>\n15 DE JULIO<\/h3>\n<h3><strong>HORA:<\/strong><br \/>\n12:00 &#8211; M\u00c9XICO<br \/>\n14:00 &#8211; ARGENTINA<br \/>\n19:00 &#8211; ESPA\u00d1A (MADRID)<\/h3>\n<h3><strong>LUGAR:<\/strong><br \/>\nONLINE POR PLATAFORMA ZOOM<\/h3>\n<p>[\/vc_column_text][\/vc_column][vc_column width=\u00bb1\/3&#8243;][vc_raw_html]JTNDaWZyYW1lJTIwd2lkdGglM0QlMjI1NDAlMjIlMjBoZWlnaHQlM0QlMjI4MDAlMjIlMjBzcmMlM0QlMjJodHRwcyUzQSUyRiUyRmJmM2RmMjNkLnNpYmZvcm1zLmNvbSUyRnNlcnZlJTJGTVVJRUFCWjJLUVNYUXc3Z1FSVExQUS1JTXFkRXVVRkcwZHRYQWJiVHFuYjU0SUVNbFVZMUJKNjFtcEJCMEFLSmVvRlRjV2Ital9RX25lQ3dIT1ctc2RFYkR6UDlaam1WcERKLTM0NF9McXpDUGtwWjVwazFDNWtmckpjTU1OYVVEdXJpeE96RkRNUzZYTDBrazQ4cG54Z0g0dlBZbUdjRS1HaDVjYklLMU5DakNiZFRiUVRMTUEzZkdTcnVabFM0dENXam1rQlZERTVLdmVxdiUyMiUyMGZyYW1lYm9yZGVyJTNEJTIyMCUyMiUyMHNjcm9sbGluZyUzRCUyMmF1dG8lMjIlMjBhbGxvd2Z1bGxzY3JlZW4lMjBzdHlsZSUzRCUyMmRpc3BsYXklM0ElMjBibG9jayUzQm1hcmdpbi1sZWZ0JTNBJTIwYXV0byUzQm1hcmdpbi1yaWdodCUzQSUyMGF1dG8lM0JtYXgtd2lkdGglM0ElMjAxMDAlMjUlM0IlMjIlM0UlM0MlMkZpZnJhbWUlM0U=[\/vc_raw_html][\/vc_column][\/vc_row][vc_row full_width=\u00bbstretch_row_content\u00bb content_placement=\u00bbmiddle\u00bb css=\u00bb.vc_custom_1625563537903{margin-right: 0px !important;margin-left: 0px !important;border-right-width: 0px !important;border-left-width: 0px !important;padding-top: 50px !important;padding-right: 0px !important;padding-bottom: 30px !important;padding-left: 0px !important;}\u00bb][vc_column][vc_single_image image=\u00bb2795&#8243; img_size=\u00bbfull\u00bb][\/vc_column][\/vc_row]<\/p>\n","protected":false},"excerpt":{"rendered":"<p>[vc_row full_width=\u00bbstretch_row\u00bb content_placement=\u00bbmiddle\u00bb][vc_column][\/vc_column][\/vc_row][vc_row full_width=\u00bbstretch_row\u00bb content_placement=\u00bbmiddle\u00bb css=\u00bb.vc_custom_1599218663475{padding-top: 90px !important;padding-bottom: 90px !important;}\u00bb el_class=\u00bbfull_width_paddings\u00bb][vc_column width=\u00bb1\/3&#8243;][vc_column_text el_class=\u00bbsesion_info\u00bb] Duraci\u00f3n aproximada 35-40 minutos &nbsp; Si est\u00e1s interesado en conocer m\u00e1s acerca de nuestro Programa de Desarrollo Directivo para directores y gestores de clubes de fitness, te invitamos a nuestra sesi\u00f3n informativa virtual en la que explicaremos c\u00f3mo este programa va a [&hellip;]<\/p>\n","protected":false},"author":1,"featured_media":0,"parent":0,"menu_order":0,"comment_status":"closed","ping_status":"closed","template":"..\/public\/views\/revslider-page-template.php","meta":[],"yoast_head":"<!-- This site is optimized with the Yoast SEO plugin v14.9 - https:\/\/yoast.com\/wordpress\/plugins\/seo\/ -->\n<title>Sesi\u00f3n informativa del PDD Online | Fitness Management School<\/title>\n<meta name=\"robots\" content=\"index, follow, max-snippet:-1, max-image-preview:large, max-video-preview:-1\" \/>\n<link rel=\"canonical\" href=\"https:\/\/www.fms.com.es\/inicio\/sesion-informativa\/\" \/>\n<meta property=\"og:locale\" content=\"es_ES\" \/>\n<meta property=\"og:type\" content=\"article\" \/>\n<meta property=\"og:title\" content=\"Sesi\u00f3n informativa del PDD Online | Fitness Management School\" \/>\n<meta property=\"og:description\" content=\"[vc_row full_width=\u00bbstretch_row\u00bb content_placement=\u00bbmiddle\u00bb][vc_column][\/vc_column][\/vc_row][vc_row full_width=\u00bbstretch_row\u00bb content_placement=\u00bbmiddle\u00bb css=\u00bb.vc_custom_1599218663475{padding-top: 90px !important;padding-bottom: 90px !important;}\u00bb el_class=\u00bbfull_width_paddings\u00bb][vc_column width=\u00bb1\/3&#8243;][vc_column_text el_class=\u00bbsesion_info\u00bb] Duraci\u00f3n aproximada 35-40 minutos &nbsp; Si est\u00e1s interesado en conocer m\u00e1s acerca de nuestro Programa de Desarrollo Directivo para directores y gestores de clubes de fitness, te invitamos a nuestra sesi\u00f3n informativa virtual en la que explicaremos c\u00f3mo este programa va a [&hellip;]\" \/>\n<meta property=\"og:url\" content=\"https:\/\/www.fms.com.es\/inicio\/sesion-informativa\/\" \/>\n<meta property=\"og:site_name\" content=\"Fitness Management School\" \/>\n<meta property=\"article:modified_time\" content=\"2021-07-07T10:09:27+00:00\" \/>\n<meta name=\"twitter:card\" content=\"summary_large_image\" \/>\n<script type=\"application\/ld+json\" class=\"yoast-schema-graph\">{\"@context\":\"https:\/\/schema.org\",\"@graph\":[{\"@type\":\"Organization\",\"@id\":\"https:\/\/www.fms.com.es\/inicio\/#organization\",\"name\":\"Fitness Management School\",\"url\":\"https:\/\/www.fms.com.es\/inicio\/\",\"sameAs\":[\"https:\/\/www.linkedin.com\/company\/fitness-management-school\/\"],\"logo\":{\"@type\":\"ImageObject\",\"@id\":\"https:\/\/www.fms.com.es\/inicio\/#logo\",\"inLanguage\":\"es\",\"url\":\"https:\/\/www.fms.com.es\/wp-content\/uploads\/2019\/08\/fms-icon.png\",\"width\":44,\"height\":43,\"caption\":\"Fitness Management School\"},\"image\":{\"@id\":\"https:\/\/www.fms.com.es\/inicio\/#logo\"}},{\"@type\":\"WebSite\",\"@id\":\"https:\/\/www.fms.com.es\/inicio\/#website\",\"url\":\"https:\/\/www.fms.com.es\/inicio\/\",\"name\":\"Fitness Management School\",\"description\":\"\\ud83c\\udfc5 Formaci\\u00f3n de alto nivel para directivos y gestores de fitness \\ud83d\\udd1c  Pr\\u00f3xima formaci\\u00f3n: Programa Desarrollo Directivo\",\"publisher\":{\"@id\":\"https:\/\/www.fms.com.es\/inicio\/#organization\"},\"potentialAction\":[{\"@type\":\"SearchAction\",\"target\":\"https:\/\/www.fms.com.es\/inicio\/?s={search_term_string}\",\"query-input\":\"required name=search_term_string\"}],\"inLanguage\":\"es\"},{\"@type\":\"WebPage\",\"@id\":\"https:\/\/www.fms.com.es\/inicio\/sesion-informativa\/#webpage\",\"url\":\"https:\/\/www.fms.com.es\/inicio\/sesion-informativa\/\",\"name\":\"Sesi\\u00f3n informativa del PDD Online | Fitness Management School\",\"isPartOf\":{\"@id\":\"https:\/\/www.fms.com.es\/inicio\/#website\"},\"datePublished\":\"2020-09-04T09:00:25+00:00\",\"dateModified\":\"2021-07-07T10:09:27+00:00\",\"inLanguage\":\"es\",\"potentialAction\":[{\"@type\":\"ReadAction\",\"target\":[\"https:\/\/www.fms.com.es\/inicio\/sesion-informativa\/\"]}]}]}<\/script>\n<!-- \/ Yoast SEO plugin. -->","_links":{"self":[{"href":"https:\/\/www.fms.com.es\/inicio\/wp-json\/wp\/v2\/pages\/2050"}],"collection":[{"href":"https:\/\/www.fms.com.es\/inicio\/wp-json\/wp\/v2\/pages"}],"about":[{"href":"https:\/\/www.fms.com.es\/inicio\/wp-json\/wp\/v2\/types\/page"}],"author":[{"embeddable":true,"href":"https:\/\/www.fms.com.es\/inicio\/wp-json\/wp\/v2\/users\/1"}],"replies":[{"embeddable":true,"href":"https:\/\/www.fms.com.es\/inicio\/wp-json\/wp\/v2\/comments?post=2050"}],"version-history":[{"count":16,"href":"https:\/\/www.fms.com.es\/inicio\/wp-json\/wp\/v2\/pages\/2050\/revisions"}],"predecessor-version":[{"id":2837,"href":"https:\/\/www.fms.com.es\/inicio\/wp-json\/wp\/v2\/pages\/2050\/revisions\/2837"}],"wp:attachment":[{"href":"https:\/\/www.fms.com.es\/inicio\/wp-json\/wp\/v2\/media?parent=2050"}],"curies":[{"name":"wp","href":"https:\/\/api.w.org\/{rel}","templated":true}]}}