{"id":2582,"date":"2021-05-28T10:43:41","date_gmt":"2021-05-28T10:43:41","guid":{"rendered":"https:\/\/www.fms.com.es\/inicio\/?page_id=2582"},"modified":"2021-06-28T11:40:10","modified_gmt":"2021-06-28T11:40:10","slug":"modulos-directivos","status":"publish","type":"page","link":"https:\/\/www.fms.com.es\/inicio\/modulos-directivos\/","title":{"rendered":"M\u00f3dulos Directivos"},"content":{"rendered":"<p>[vc_row css=\u00bb.vc_custom_1591545297095{margin-right: 0px !important;margin-left: 0px !important;border-right-width: 0px !important;border-left-width: 0px !important;padding-top: 30px !important;padding-right: 0px !important;padding-bottom: 30px !important;padding-left: 0px !important;}\u00bb][vc_column][vc_column_text]Adapt\u00e1ndonos a las necesidades de un mundo virtual lanzamos la nueva modalidad del PDD: Los m\u00f3dulos directivos.<\/p>\n<p>Elige qu\u00e9 m\u00f3dulos te interesan, realiza el pago y accede a las sesiones. As\u00ed de sencillo.<\/p>\n<p>\u00bfTienes dudas? Solo tienes que contactar con nostros y te las resolveremos.<\/p>\n<p>\u00bfA qu\u00e9 esperas para empezar?<\/p>\n<p>&nbsp;<\/p>\n<ul>\n<li><a href=\"#modulo-uno\">M\u00d3DULO 1 &#8211; An\u00e1lisis del mercado y Estrategia<\/a><\/li>\n<li><a href=\"#modulo-dos\">M\u00d3DULO 2 &#8211; Econom\u00eda, Finanzas y Control de Gesti\u00f3n<\/a><\/li>\n<li><a href=\"#modulo-tres\">M\u00d3DULO 3 &#8211; Gesti\u00f3n de equipos y Liderazgo<\/a><\/li>\n<li><a href=\"#modulo-cuatro\">M\u00d3DULO 4 &#8211; Marketing, comercial y fidelizaci\u00f3n<\/a><\/li>\n<li><a href=\"#modulo-cinco\">M\u00d3DULO 5 &#8211; Direcci\u00f3n y organizaci\u00f3n del \u00c1rea T\u00e9cnica<\/a><\/li>\n<\/ul>\n<p style=\"text-align: center;\"><strong>\u00a1JUNTOS HACEMOS AVANZAR EL FITNESS!<\/strong><\/p>\n<p>[\/vc_column_text][vc_empty_space height=\u00bb16px\u00bb][\/vc_column][\/vc_row][vc_row][vc_column el_id=\u00bbmodulo-uno\u00bb][vc_empty_space height=\u00bb16px\u00bb][vc_separator border_width=\u00bb3&#8243;][\/vc_column][\/vc_row][vc_row][vc_column][vc_custom_heading text=\u00bbM\u00d3DULO 1: An\u00e1lisis del mercado y Estrategia\u00bb font_container=\u00bbtag:h2|text_align:center\u00bb google_fonts=\u00bbfont_family:Roboto%3A100%2C100italic%2C300%2C300italic%2Cregular%2Citalic%2C500%2C500italic%2C700%2C700italic%2C900%2C900italic|font_style:900%20bold%20regular%3A900%3Anormal\u00bb el_id=\u00bbmodulo-uno\u00bb][vc_custom_heading text=\u00bbDocentes: Pablo Vi\u00f1aspre, Rodrigo Echeguren, Gabriel Domingo, Fran Fragoso\u00bb font_container=\u00bbtag:h4|text_align:center\u00bb google_fonts=\u00bbfont_family:Roboto%3A100%2C100italic%2C300%2C300italic%2Cregular%2Citalic%2C500%2C500italic%2C700%2C700italic%2C900%2C900italic|font_style:400%20regular%3A400%3Anormal\u00bb][vc_empty_space][vc_column_text]An\u00e1lisis del mercado del fitness<\/p>\n<p>An\u00e1lisis de modelos de negocio<\/p>\n<p>Estrategias de competitividad<\/p>\n<p>Caso pr\u00e1ctico: Cadena Low-cost<\/p>\n<p>Gesti\u00f3n de procesos de cambio<\/p>\n<p>Estrategias de competitividad mid market<\/p>\n<p>Estrategias de crecimiento<\/p>\n<p>El Plan estrat\u00e9gico<\/p>\n<p>Estrategias de cadenas y expansi\u00f3n[\/vc_column_text][\/vc_column][\/vc_row][vc_row][vc_column el_id=\u00bbmodulo-dos\u00bb][vc_row_inner][vc_column_inner width=\u00bb1\/2&#8243;][hala_button element_id=\u00bb1623838797603-fd3f8864-5b76&#8243; template=\u00bbeyJ0ZW1wbGF0ZSI6ImRlZmF1bHQucGhwIiwibGluayI6eyJ0ZXh0IjoiVmVyIFByb2dyYW1hIiwidXJsIjoiaHR0cHM6Ly93d3cuZm1zLmNvbS5lcy9pbmljaW8vcHJvZ3JhbWEtbW9kdWxvcy1kaXJlY3Rpdm9zLyJ9LCJpY29uX2ZvbnRfY2xhc3MiOiJmYXMgZmEtYXJyb3ctcmlnaHQiLCJzaXplIjoibWVkaXVtIiwicG9zaXRpb24iOiJ0ZXh0LWNlbnRlciIsInBvc2l0aW9uX2ljb24iOiJyaWdodCIsImxheW91dCI6InByaW1hcnkifQ==\u00bb][\/vc_column_inner][vc_column_inner width=\u00bb1\/2&#8243;][hala_button element_id=\u00bb1623838797678-10b33434-e394&#8243; template=\u00bbeyJ0ZW1wbGF0ZSI6ImRlZmF1bHQucGhwIiwibGluayI6eyJ0ZXh0IjoiSW5zY3JpYmlybWUiLCJ1cmwiOiJodHRwczovL3d3dy5mbXMuY29tLmVzL2luaWNpby9wcm9kdWN0by9tb2R1bG8tZGlyZWN0aXZvLXVuby8ifSwiaWNvbl9mb250X2NsYXNzIjoiZmFzIGZhLWFycm93LXJpZ2h0Iiwic2l6ZSI6Im1lZGl1bSIsInBvc2l0aW9uIjoidGV4dC1jZW50ZXIiLCJwb3NpdGlvbl9pY29uIjoicmlnaHQiLCJsYXlvdXQiOiJwcmltYXJ5In0=\u00bb][\/vc_column_inner][\/vc_row_inner][vc_empty_space height=\u00bb16px\u00bb][vc_separator border_width=\u00bb3&#8243;][\/vc_column][\/vc_row][vc_row][vc_column][vc_custom_heading text=\u00bbM\u00d3DULO 2: Econom\u00eda, Finanzas y Control de Gesti\u00f3n\u00bb font_container=\u00bbtag:h2|text_align:center\u00bb google_fonts=\u00bbfont_family:Roboto%3A100%2C100italic%2C300%2C300italic%2Cregular%2Citalic%2C500%2C500italic%2C700%2C700italic%2C900%2C900italic|font_style:900%20bold%20regular%3A900%3Anormal\u00bb el_id=\u00bbmodulo-dos\u00bb][vc_custom_heading text=\u00bbDocentes: Pablo Vi\u00f1aspre, Alejandro Catalina, Carlos Gonzalvo, Oliver Sampedro, Octavio Vi\u00f1aspre, Juan Ram\u00f3n Gabino\u00bb font_container=\u00bbtag:h4|text_align:center\u00bb google_fonts=\u00bbfont_family:Roboto%3A100%2C100italic%2C300%2C300italic%2Cregular%2Citalic%2C500%2C500italic%2C700%2C700italic%2C900%2C900italic|font_style:400%20regular%3A400%3Anormal\u00bb][vc_empty_space][vc_column_text]Control de gesti\u00f3n y cuadro de mandos<\/p>\n<p>An\u00e1lisis de la empresa y benchmarking<\/p>\n<p>Toma de decisiones<\/p>\n<p>IA y gesti\u00f3n de datos<\/p>\n<p>Econom\u00eda para empresas (I)<\/p>\n<p>Econom\u00eda para empresas (II)<\/p>\n<p>Econom\u00eda para empresas (III)<\/p>\n<p>Econom\u00eda para empresas (IV)<\/p>\n<p>La visi\u00f3n de la banca<\/p>\n<p>Modelos de financiaci\u00f3n<\/p>\n<p>La visi\u00f3n de la banca[\/vc_column_text][\/vc_column][\/vc_row][vc_row][vc_column el_id=\u00bbmodulo-tres\u00bb][vc_row_inner][vc_column_inner width=\u00bb1\/2&#8243;][hala_button element_id=\u00bb1624275367863-41152350-ab0a\u00bb template=\u00bbeyJ0ZW1wbGF0ZSI6ImRlZmF1bHQucGhwIiwibGluayI6eyJ0ZXh0IjoiVmVyIFByb2dyYW1hIiwidXJsIjoiaHR0cHM6Ly93d3cuZm1zLmNvbS5lcy9pbmljaW8vcHJvZ3JhbWEtbW9kdWxvcy1kaXJlY3Rpdm9zLyJ9LCJpY29uX2ZvbnRfY2xhc3MiOiJmYXMgZmEtYXJyb3ctcmlnaHQiLCJzaXplIjoibWVkaXVtIiwicG9zaXRpb24iOiJ0ZXh0LWNlbnRlciIsInBvc2l0aW9uX2ljb24iOiJyaWdodCIsImxheW91dCI6InByaW1hcnkifQ==\u00bb][\/vc_column_inner][vc_column_inner width=\u00bb1\/2&#8243;][hala_button element_id=\u00bb1623838849794-5e3b7806-ed83&#8243; template=\u00bbeyJ0ZW1wbGF0ZSI6ImRlZmF1bHQucGhwIiwibGluayI6eyJ0ZXh0IjoiSW5zY3JpYmlybWUiLCJ1cmwiOiJodHRwczovL3d3dy5mbXMuY29tLmVzL2luaWNpby9wcm9kdWN0by9tb2R1bG8tZGlyZWN0aXZvLWRvcy8ifSwiaWNvbl9mb250X2NsYXNzIjoiZmFzIGZhLWFycm93LXJpZ2h0Iiwic2l6ZSI6Im1lZGl1bSIsInBvc2l0aW9uIjoidGV4dC1jZW50ZXIiLCJwb3NpdGlvbl9pY29uIjoicmlnaHQiLCJsYXlvdXQiOiJwcmltYXJ5In0=\u00bb][\/vc_column_inner][\/vc_row_inner][vc_empty_space height=\u00bb16px\u00bb][vc_separator border_width=\u00bb3&#8243;][\/vc_column][\/vc_row][vc_row][vc_column][vc_custom_heading text=\u00bbM\u00d3DULO 3: Gesti\u00f3n de equipos y Liderazgo\u00bb font_container=\u00bbtag:h2|text_align:center\u00bb google_fonts=\u00bbfont_family:Roboto%3A100%2C100italic%2C300%2C300italic%2Cregular%2Citalic%2C500%2C500italic%2C700%2C700italic%2C900%2C900italic|font_style:900%20bold%20regular%3A900%3Anormal\u00bb el_id=\u00bbmodulo-tres\u00bb][vc_custom_heading text=\u00bbDocentes: \u00c1lvaro Merino, Guillermo V\u00e9lez, Pablo Vi\u00f1aspre, Isabel Vega, Josep Viladot\u00bb font_container=\u00bbtag:h4|text_align:center\u00bb google_fonts=\u00bbfont_family:Roboto%3A100%2C100italic%2C300%2C300italic%2Cregular%2Citalic%2C500%2C500italic%2C700%2C700italic%2C900%2C900italic|font_style:400%20regular%3A400%3Anormal\u00bb][vc_empty_space][vc_column_text]Desarrollo personal y autogesti\u00f3n<\/p>\n<p>Gesti\u00f3n de equipos de alto rendimiento<\/p>\n<p>Negociaci\u00f3n y gesti\u00f3n de conflictos<\/p>\n<p>Networking<\/p>\n<p>Modelos de liderazgo<\/p>\n<p>Caso Marisma: Gesti\u00f3n de equipos<\/p>\n<p>Sistemas retributivos y de selecci\u00f3n[\/vc_column_text][\/vc_column][\/vc_row][vc_row][vc_column el_id=\u00bbmodulo-cuatro\u00bb][vc_row_inner][vc_column_inner width=\u00bb1\/2&#8243;][hala_button element_id=\u00bb1624275381739-9622ab47-ec8c\u00bb template=\u00bbeyJ0ZW1wbGF0ZSI6ImRlZmF1bHQucGhwIiwibGluayI6eyJ0ZXh0IjoiVmVyIFByb2dyYW1hIiwidXJsIjoiaHR0cHM6Ly93d3cuZm1zLmNvbS5lcy9pbmljaW8vcHJvZ3JhbWEtbW9kdWxvcy1kaXJlY3Rpdm9zLyJ9LCJpY29uX2ZvbnRfY2xhc3MiOiJmYXMgZmEtYXJyb3ctcmlnaHQiLCJzaXplIjoibWVkaXVtIiwicG9zaXRpb24iOiJ0ZXh0LWNlbnRlciIsInBvc2l0aW9uX2ljb24iOiJyaWdodCIsImxheW91dCI6InByaW1hcnkifQ==\u00bb][\/vc_column_inner][vc_column_inner width=\u00bb1\/2&#8243;][hala_button element_id=\u00bb1623838894398-1df3e79b-f5c1&#8243; template=\u00bbeyJ0ZW1wbGF0ZSI6ImRlZmF1bHQucGhwIiwibGluayI6eyJ0ZXh0IjoiSW5zY3JpYmlybWUiLCJ1cmwiOiJodHRwczovL3d3dy5mbXMuY29tLmVzL2luaWNpby9wcm9kdWN0by9tb2R1bG8tZGlyZWN0aXZvLXRyZXMvIn0sImljb25fZm9udF9jbGFzcyI6ImZhcyBmYS1hcnJvdy1yaWdodCIsInNpemUiOiJtZWRpdW0iLCJwb3NpdGlvbiI6InRleHQtY2VudGVyIiwicG9zaXRpb25faWNvbiI6InJpZ2h0IiwibGF5b3V0IjoicHJpbWFyeSJ9&#8243;][\/vc_column_inner][\/vc_row_inner][vc_empty_space height=\u00bb16px\u00bb][vc_separator border_width=\u00bb3&#8243;][\/vc_column][\/vc_row][vc_row][vc_column][vc_custom_heading text=\u00bbM\u00d3DULO 4: Marketing, comercial y fidelizaci\u00f3n\u00bb font_container=\u00bbtag:h2|text_align:center\u00bb google_fonts=\u00bbfont_family:Roboto%3A100%2C100italic%2C300%2C300italic%2Cregular%2Citalic%2C500%2C500italic%2C700%2C700italic%2C900%2C900italic|font_style:900%20bold%20regular%3A900%3Anormal\u00bb el_id=\u00bbmodulo-cuatro\u00bb][vc_custom_heading text=\u00bbDocentes: Mart\u00edn Vivancos, Joaqu\u00edn Beytia, Cristina Rueff, Pablo Vi\u00f1aspre, Marta Bueno, Juan Cuesta, Toni Tugores, Luis Amoroso\u00bb font_container=\u00bbtag:h4|text_align:center\u00bb google_fonts=\u00bbfont_family:Roboto%3A100%2C100italic%2C300%2C300italic%2Cregular%2Citalic%2C500%2C500italic%2C700%2C700italic%2C900%2C900italic|font_style:400%20regular%3A400%3Anormal\u00bb][vc_empty_space][vc_column_text]Fundamentos del Marketing (I)<\/p>\n<p>Fundamentos del Marketing (II)<\/p>\n<p>Direcci\u00f3n comercial (I)<\/p>\n<p>Direcci\u00f3n comercial (II)<\/p>\n<p>Implantaci\u00f3n de procesos comerciales (I)<\/p>\n<p>Implantaci\u00f3n de procesos comerciales (II)<\/p>\n<p>Estrategias de fidelizaci\u00f3n<\/p>\n<p>Marketing digital<\/p>\n<p>Experiencia y ciclo de vida del cliente<\/p>\n<p>Creatividad en Marketing y Social Media<\/p>\n<p>Organizaci\u00f3n del departamento comercial[\/vc_column_text][\/vc_column][\/vc_row][vc_row][vc_column el_id=\u00bbmodulo-cinco\u00bb][vc_row_inner][vc_column_inner width=\u00bb1\/2&#8243;][hala_button element_id=\u00bb1624275389739-c51b39bb-007c\u00bb template=\u00bbeyJ0ZW1wbGF0ZSI6ImRlZmF1bHQucGhwIiwibGluayI6eyJ0ZXh0IjoiVmVyIFByb2dyYW1hIiwidXJsIjoiaHR0cHM6Ly93d3cuZm1zLmNvbS5lcy9pbmljaW8vcHJvZ3JhbWEtbW9kdWxvcy1kaXJlY3Rpdm9zLyJ9LCJpY29uX2ZvbnRfY2xhc3MiOiJmYXMgZmEtYXJyb3ctcmlnaHQiLCJzaXplIjoibWVkaXVtIiwicG9zaXRpb24iOiJ0ZXh0LWNlbnRlciIsInBvc2l0aW9uX2ljb24iOiJyaWdodCIsImxheW91dCI6InByaW1hcnkifQ==\u00bb][\/vc_column_inner][vc_column_inner width=\u00bb1\/2&#8243;][hala_button element_id=\u00bb1623838860157-85da918c-d77e\u00bb template=\u00bbeyJ0ZW1wbGF0ZSI6ImRlZmF1bHQucGhwIiwibGluayI6eyJ0ZXh0IjoiSW5zY3JpYmlybWUiLCJ1cmwiOiJodHRwczovL3d3dy5mbXMuY29tLmVzL2luaWNpby9wcm9kdWN0by9tb2R1bG8tZGlyZWN0aXZvLWN1YXRyby8ifSwiaWNvbl9mb250X2NsYXNzIjoiZmFzIGZhLWFycm93LXJpZ2h0Iiwic2l6ZSI6Im1lZGl1bSIsInBvc2l0aW9uIjoidGV4dC1jZW50ZXIiLCJwb3NpdGlvbl9pY29uIjoicmlnaHQiLCJsYXlvdXQiOiJwcmltYXJ5In0=\u00bb][\/vc_column_inner][\/vc_row_inner][vc_empty_space height=\u00bb16px\u00bb][vc_separator border_width=\u00bb3&#8243;][\/vc_column][\/vc_row][vc_row][vc_column][vc_custom_heading text=\u00bbM\u00d3DULO 5: Direcci\u00f3n y organizaci\u00f3n del \u00c1rea T\u00e9cnica\u00bb font_container=\u00bbtag:h2|text_align:center\u00bb google_fonts=\u00bbfont_family:Roboto%3A100%2C100italic%2C300%2C300italic%2Cregular%2Citalic%2C500%2C500italic%2C700%2C700italic%2C900%2C900italic|font_style:900%20bold%20regular%3A900%3Anormal\u00bb custom_css=\u00bbid=\u00abmodulo-cinco\u00ab\u00bb el_id=\u00bbmodulocinco\u00bb][vc_custom_heading text=\u00bbDocentes: David Pozos, Joan Sacrist\u00e1n, Daniel Serrano, Javier Ar\u00e9izaga, Tom\u00e1s Junquera, Pablo Vi\u00f1aspre\u00bb font_container=\u00bbtag:h4|text_align:center\u00bb google_fonts=\u00bbfont_family:Roboto%3A100%2C100italic%2C300%2C300italic%2Cregular%2Citalic%2C500%2C500italic%2C700%2C700italic%2C900%2C900italic|font_style:400%20regular%3A400%3Anormal\u00bb][vc_empty_space][vc_column_text]Tendencias del ejercicio<\/p>\n<p>El rol del Director t\u00e9cnico<\/p>\n<p>Organizaci\u00f3n del \u00c1rea T\u00e9cnica<\/p>\n<p>La nutrici\u00f3n como negocio<\/p>\n<p>Caso pr\u00e1ctico: Director t\u00e9cnico<\/p>\n<p>Gesti\u00f3n de procesos y control<\/p>\n<p>Formaci\u00f3n y motivaci\u00f3n del equipo<\/p>\n<p>Tendencias en equipamiento y sala fitness<\/p>\n<p>Dise\u00f1o de espacios y experiencia de cliente[\/vc_column_text][vc_row_inner][vc_column_inner width=\u00bb1\/2&#8243;][hala_button element_id=\u00bb1624275398072-9759c518-f217&#8243; template=\u00bbeyJ0ZW1wbGF0ZSI6ImRlZmF1bHQucGhwIiwibGluayI6eyJ0ZXh0IjoiVmVyIFByb2dyYW1hIiwidXJsIjoiaHR0cHM6Ly93d3cuZm1zLmNvbS5lcy9pbmljaW8vcHJvZ3JhbWEtbW9kdWxvcy1kaXJlY3Rpdm9zLyJ9LCJpY29uX2ZvbnRfY2xhc3MiOiJmYXMgZmEtYXJyb3ctcmlnaHQiLCJzaXplIjoibWVkaXVtIiwicG9zaXRpb24iOiJ0ZXh0LWNlbnRlciIsInBvc2l0aW9uX2ljb24iOiJyaWdodCIsImxheW91dCI6InByaW1hcnkifQ==\u00bb][\/vc_column_inner][vc_column_inner width=\u00bb1\/2&#8243;][hala_button element_id=\u00bbinscripcionasdfasdfasdfadf\u00bb template=\u00bbeyJ0ZW1wbGF0ZSI6ImRlZmF1bHQucGhwIiwibGluayI6eyJ0ZXh0IjoiSW5zY3JpYmlybWUiLCJ1cmwiOiJodHRwczovL3d3dy5mbXMuY29tLmVzL2luaWNpby9wcm9kdWN0by9tb2R1bG8tZGlyZWN0aXZvLWNpbmNvLyJ9LCJpY29uX2ZvbnRfY2xhc3MiOiJmYXMgZmEtYXJyb3ctcmlnaHQiLCJzaXplIjoibWVkaXVtIiwicG9zaXRpb24iOiJ0ZXh0LWNlbnRlciIsInBvc2l0aW9uX2ljb24iOiJyaWdodCIsImxheW91dCI6InByaW1hcnkifQ==\u00bb][\/vc_column_inner][\/vc_row_inner][vc_empty_space height=\u00bb16px\u00bb][vc_separator border_width=\u00bb3&#8243;][\/vc_column][\/vc_row][vc_row full_width=\u00bbstretch_row_content_no_spaces\u00bb equal_height=\u00bbyes\u00bb content_placement=\u00bbbottom\u00bb css=\u00bb.vc_custom_1603710659308{margin-bottom: 0px !important;border-bottom-width: 0px !important;padding-bottom: 0px !important;}\u00bb][vc_column][vc_single_image image=\u00bb2112&#8243; img_size=\u00bbfull\u00bb alignment=\u00bbcenter\u00bb css=\u00bb.vc_custom_1603710691419{margin-bottom: 0px !important;}\u00bb][\/vc_column][\/vc_row]<\/p>\n","protected":false},"excerpt":{"rendered":"<p>[vc_row css=\u00bb.vc_custom_1591545297095{margin-right: 0px !important;margin-left: 0px !important;border-right-width: 0px !important;border-left-width: 0px !important;padding-top: 30px !important;padding-right: 0px !important;padding-bottom: 30px !important;padding-left: 0px !important;}\u00bb][vc_column][vc_column_text]Adapt\u00e1ndonos a las necesidades de un mundo virtual lanzamos la nueva modalidad del PDD: Los m\u00f3dulos directivos. Elige qu\u00e9 m\u00f3dulos te interesan, realiza el pago y accede a las sesiones. As\u00ed de sencillo. \u00bfTienes dudas? Solo tienes que [&hellip;]<\/p>\n","protected":false},"author":8,"featured_media":0,"parent":0,"menu_order":0,"comment_status":"closed","ping_status":"closed","template":"","meta":[],"yoast_head":"<!-- This site is optimized with the Yoast SEO plugin v14.9 - https:\/\/yoast.com\/wordpress\/plugins\/seo\/ -->\n<title>M\u00f3dulos directivos online | Fitness Management School \ud83c\udfcb\ufe0f<\/title>\n<meta name=\"description\" content=\"Los m\u00f3dulos directivos est\u00e1n dise\u00f1ados para que cualquier gestor adquiera el conocimiento que necesite o mejore los que ya posee. \ud83c\udfc5\" \/>\n<meta name=\"robots\" content=\"index, follow, max-snippet:-1, max-image-preview:large, max-video-preview:-1\" \/>\n<link rel=\"canonical\" href=\"https:\/\/www.fms.com.es\/inicio\/modulos-directivos\/\" \/>\n<meta property=\"og:locale\" content=\"es_ES\" \/>\n<meta property=\"og:type\" content=\"article\" \/>\n<meta property=\"og:title\" content=\"M\u00f3dulos directivos online | Fitness Management School \ud83c\udfcb\ufe0f\" \/>\n<meta property=\"og:description\" content=\"Los m\u00f3dulos directivos est\u00e1n dise\u00f1ados para que cualquier gestor adquiera el conocimiento que necesite o mejore los que ya posee. \ud83c\udfc5\" \/>\n<meta property=\"og:url\" content=\"https:\/\/www.fms.com.es\/inicio\/modulos-directivos\/\" \/>\n<meta property=\"og:site_name\" content=\"Fitness Management School\" \/>\n<meta property=\"article:modified_time\" content=\"2021-06-28T11:40:10+00:00\" \/>\n<meta name=\"twitter:card\" content=\"summary_large_image\" \/>\n<script type=\"application\/ld+json\" class=\"yoast-schema-graph\">{\"@context\":\"https:\/\/schema.org\",\"@graph\":[{\"@type\":\"Organization\",\"@id\":\"https:\/\/www.fms.com.es\/inicio\/#organization\",\"name\":\"Fitness Management School\",\"url\":\"https:\/\/www.fms.com.es\/inicio\/\",\"sameAs\":[\"https:\/\/www.linkedin.com\/company\/fitness-management-school\/\"],\"logo\":{\"@type\":\"ImageObject\",\"@id\":\"https:\/\/www.fms.com.es\/inicio\/#logo\",\"inLanguage\":\"es\",\"url\":\"https:\/\/www.fms.com.es\/wp-content\/uploads\/2019\/08\/fms-icon.png\",\"width\":44,\"height\":43,\"caption\":\"Fitness Management School\"},\"image\":{\"@id\":\"https:\/\/www.fms.com.es\/inicio\/#logo\"}},{\"@type\":\"WebSite\",\"@id\":\"https:\/\/www.fms.com.es\/inicio\/#website\",\"url\":\"https:\/\/www.fms.com.es\/inicio\/\",\"name\":\"Fitness Management School\",\"description\":\"\\ud83c\\udfc5 Formaci\\u00f3n de alto nivel para directivos y gestores de fitness \\ud83d\\udd1c  Pr\\u00f3xima formaci\\u00f3n: Programa Desarrollo Directivo\",\"publisher\":{\"@id\":\"https:\/\/www.fms.com.es\/inicio\/#organization\"},\"potentialAction\":[{\"@type\":\"SearchAction\",\"target\":\"https:\/\/www.fms.com.es\/inicio\/?s={search_term_string}\",\"query-input\":\"required name=search_term_string\"}],\"inLanguage\":\"es\"},{\"@type\":\"WebPage\",\"@id\":\"https:\/\/www.fms.com.es\/inicio\/modulos-directivos\/#webpage\",\"url\":\"https:\/\/www.fms.com.es\/inicio\/modulos-directivos\/\",\"name\":\"M\\u00f3dulos directivos online | Fitness Management School \\ud83c\\udfcb\\ufe0f\",\"isPartOf\":{\"@id\":\"https:\/\/www.fms.com.es\/inicio\/#website\"},\"datePublished\":\"2021-05-28T10:43:41+00:00\",\"dateModified\":\"2021-06-28T11:40:10+00:00\",\"description\":\"Los m\\u00f3dulos directivos est\\u00e1n dise\\u00f1ados para que cualquier gestor adquiera el conocimiento que necesite o mejore los que ya posee. \\ud83c\\udfc5\",\"inLanguage\":\"es\",\"potentialAction\":[{\"@type\":\"ReadAction\",\"target\":[\"https:\/\/www.fms.com.es\/inicio\/modulos-directivos\/\"]}]}]}<\/script>\n<!-- \/ Yoast SEO plugin. -->","_links":{"self":[{"href":"https:\/\/www.fms.com.es\/inicio\/wp-json\/wp\/v2\/pages\/2582"}],"collection":[{"href":"https:\/\/www.fms.com.es\/inicio\/wp-json\/wp\/v2\/pages"}],"about":[{"href":"https:\/\/www.fms.com.es\/inicio\/wp-json\/wp\/v2\/types\/page"}],"author":[{"embeddable":true,"href":"https:\/\/www.fms.com.es\/inicio\/wp-json\/wp\/v2\/users\/8"}],"replies":[{"embeddable":true,"href":"https:\/\/www.fms.com.es\/inicio\/wp-json\/wp\/v2\/comments?post=2582"}],"version-history":[{"count":74,"href":"https:\/\/www.fms.com.es\/inicio\/wp-json\/wp\/v2\/pages\/2582\/revisions"}],"predecessor-version":[{"id":2759,"href":"https:\/\/www.fms.com.es\/inicio\/wp-json\/wp\/v2\/pages\/2582\/revisions\/2759"}],"wp:attachment":[{"href":"https:\/\/www.fms.com.es\/inicio\/wp-json\/wp\/v2\/media?parent=2582"}],"curies":[{"name":"wp","href":"https:\/\/api.w.org\/{rel}","templated":true}]}}