{"id":2604,"date":"2021-05-28T11:14:06","date_gmt":"2021-05-28T11:14:06","guid":{"rendered":"https:\/\/www.fms.com.es\/inicio\/?post_type=product&#038;p=2604"},"modified":"2025-08-07T13:21:06","modified_gmt":"2025-08-07T13:21:06","slug":"modulo-directivo-tres","status":"publish","type":"product","link":"https:\/\/www.fms.com.es\/inicio\/producto\/modulo-directivo-tres\/","title":{"rendered":"M\u00d3DULO DIRECTIVO &#8211; Gesti\u00f3n de equipos y Liderazgo"},"content":{"rendered":"<div id=\"mega-line-container\">\n<div class=\"mega-line-top\">\n<div id=\"mega-line-container\">\n<div class=\"mega-line-top\">\n<h4 class=\"vc_custom_heading\">Docentes: \u00c1lvaro Merino, Guillermo V\u00e9lez, Pablo Vi\u00f1aspre, Isabel Vega, Josep Viladot<\/h4>\n<div class=\"vc_empty_space\"><\/div>\n<div class=\"wpb_text_column wpb_content_element \">\n<div class=\"wpb_wrapper\">\n<p>Desarrollo personal y autogesti\u00f3n<\/p>\n<p>Gesti\u00f3n de equipos de alto rendimiento<\/p>\n<p>Negociaci\u00f3n y gesti\u00f3n de conflictos<\/p>\n<p>Networking<\/p>\n<p>Modelos de liderazgo<\/p>\n<p>Caso Marisma: Gesti\u00f3n de equipos<\/p>\n<p>Sistemas retributivos y de selecci\u00f3n<\/p>\n<\/div>\n<\/div>\n<\/div>\n<\/div>\n<\/div>\n<\/div>\n","protected":false},"excerpt":{"rendered":"<h2><strong>PRECIO:<\/strong> 350\u20ac<\/h2>\n<p>&nbsp;<\/p>\n<p>Dispones de 2 modalidades de pago para comprar este m\u00f3dulo directivo.<\/p>\n<ul>\n<li><strong>PAGO \u00daNICO:<\/strong> Paga hoy y consigue un 10% de descuento respecto al precio original.<\/li>\n<li><strong>PAGO EN 3 CUOTAS:<\/strong> Una cuota inicial de 150\u20ac y dos mensualidades de 100\u20ac<\/li>\n<\/ul>\n","protected":false},"featured_media":2800,"template":"","meta":[],"yoast_head":"<!-- This site is optimized with the Yoast SEO plugin v14.9 - https:\/\/yoast.com\/wordpress\/plugins\/seo\/ -->\n<title>M\u00d3DULO DIRECTIVO - Gesti\u00f3n de equipos y Liderazgo | Fitness Management School<\/title>\n<meta name=\"robots\" content=\"index, follow, max-snippet:-1, max-image-preview:large, max-video-preview:-1\" \/>\n<link rel=\"canonical\" href=\"https:\/\/www.fms.com.es\/inicio\/producto\/modulo-directivo-tres\/\" \/>\n<meta property=\"og:locale\" content=\"es_ES\" \/>\n<meta property=\"og:type\" content=\"article\" \/>\n<meta property=\"og:title\" content=\"M\u00d3DULO DIRECTIVO - Gesti\u00f3n de equipos y Liderazgo | Fitness Management School\" \/>\n<meta property=\"og:description\" content=\"PRECIO: 350\u20ac &nbsp;  Dispones de 2 modalidades de pago para comprar este m\u00f3dulo directivo.   PAGO \u00daNICO: Paga hoy y consigue un 10% de descuento respecto al precio original.  PAGO EN 3 CUOTAS: Una cuota inicial de 150\u20ac y dos mensualidades de 100\u20ac\" \/>\n<meta property=\"og:url\" content=\"https:\/\/www.fms.com.es\/inicio\/producto\/modulo-directivo-tres\/\" \/>\n<meta property=\"og:site_name\" content=\"Fitness Management School\" \/>\n<meta property=\"article:modified_time\" content=\"2025-08-07T13:21:06+00:00\" \/>\n<meta property=\"og:image\" content=\"https:\/\/www.fms.com.es\/wp-content\/uploads\/2021\/07\/MOD3.jpg\" \/>\n\t<meta property=\"og:image:width\" content=\"540\" \/>\n\t<meta property=\"og:image:height\" content=\"540\" \/>\n<meta name=\"twitter:card\" content=\"summary_large_image\" \/>\n<script type=\"application\/ld+json\" class=\"yoast-schema-graph\">{\"@context\":\"https:\/\/schema.org\",\"@graph\":[{\"@type\":\"Organization\",\"@id\":\"https:\/\/www.fms.com.es\/inicio\/#organization\",\"name\":\"Fitness Management School\",\"url\":\"https:\/\/www.fms.com.es\/inicio\/\",\"sameAs\":[\"https:\/\/www.linkedin.com\/company\/fitness-management-school\/\"],\"logo\":{\"@type\":\"ImageObject\",\"@id\":\"https:\/\/www.fms.com.es\/inicio\/#logo\",\"inLanguage\":\"es\",\"url\":\"https:\/\/www.fms.com.es\/wp-content\/uploads\/2019\/08\/fms-icon.png\",\"width\":44,\"height\":43,\"caption\":\"Fitness Management School\"},\"image\":{\"@id\":\"https:\/\/www.fms.com.es\/inicio\/#logo\"}},{\"@type\":\"WebSite\",\"@id\":\"https:\/\/www.fms.com.es\/inicio\/#website\",\"url\":\"https:\/\/www.fms.com.es\/inicio\/\",\"name\":\"Fitness Management School\",\"description\":\"\\ud83c\\udfc5 Formaci\\u00f3n de alto nivel para directivos y gestores de fitness \\ud83d\\udd1c  Pr\\u00f3xima formaci\\u00f3n: Programa Desarrollo Directivo\",\"publisher\":{\"@id\":\"https:\/\/www.fms.com.es\/inicio\/#organization\"},\"potentialAction\":[{\"@type\":\"SearchAction\",\"target\":\"https:\/\/www.fms.com.es\/inicio\/?s={search_term_string}\",\"query-input\":\"required name=search_term_string\"}],\"inLanguage\":\"es\"},{\"@type\":\"ImageObject\",\"@id\":\"https:\/\/www.fms.com.es\/inicio\/producto\/modulo-directivo-tres\/#primaryimage\",\"inLanguage\":\"es\",\"url\":\"https:\/\/www.fms.com.es\/wp-content\/uploads\/2021\/07\/MOD3.jpg\",\"width\":540,\"height\":540},{\"@type\":\"WebPage\",\"@id\":\"https:\/\/www.fms.com.es\/inicio\/producto\/modulo-directivo-tres\/#webpage\",\"url\":\"https:\/\/www.fms.com.es\/inicio\/producto\/modulo-directivo-tres\/\",\"name\":\"M\\u00d3DULO DIRECTIVO - Gesti\\u00f3n de equipos y Liderazgo | Fitness Management School\",\"isPartOf\":{\"@id\":\"https:\/\/www.fms.com.es\/inicio\/#website\"},\"primaryImageOfPage\":{\"@id\":\"https:\/\/www.fms.com.es\/inicio\/producto\/modulo-directivo-tres\/#primaryimage\"},\"datePublished\":\"2021-05-28T11:14:06+00:00\",\"dateModified\":\"2025-08-07T13:21:06+00:00\",\"inLanguage\":\"es\",\"potentialAction\":[{\"@type\":\"ReadAction\",\"target\":[\"https:\/\/www.fms.com.es\/inicio\/producto\/modulo-directivo-tres\/\"]}]}]}<\/script>\n<!-- \/ Yoast SEO plugin. -->","_links":{"self":[{"href":"https:\/\/www.fms.com.es\/inicio\/wp-json\/wp\/v2\/product\/2604"}],"collection":[{"href":"https:\/\/www.fms.com.es\/inicio\/wp-json\/wp\/v2\/product"}],"about":[{"href":"https:\/\/www.fms.com.es\/inicio\/wp-json\/wp\/v2\/types\/product"}],"wp:featuredmedia":[{"embeddable":true,"href":"https:\/\/www.fms.com.es\/inicio\/wp-json\/wp\/v2\/media\/2800"}],"wp:attachment":[{"href":"https:\/\/www.fms.com.es\/inicio\/wp-json\/wp\/v2\/media?parent=2604"}],"curies":[{"name":"wp","href":"https:\/\/api.w.org\/{rel}","templated":true}]}}