{"id":2859,"date":"2021-07-29T11:17:14","date_gmt":"2021-07-29T11:17:14","guid":{"rendered":"https:\/\/www.fms.com.es\/inicio\/?post_type=product&#038;p=2859"},"modified":"2025-08-07T13:21:22","modified_gmt":"2025-08-07T13:21:22","slug":"programa-de-desarrollo-directivo-modalidad-online-transferencia","status":"publish","type":"product","link":"https:\/\/www.fms.com.es\/inicio\/producto\/programa-de-desarrollo-directivo-modalidad-online-transferencia\/","title":{"rendered":"Programa de Desarrollo Directivo (modalidad Online)"},"content":{"rendered":"<p>El Programa de Desarrollo Directivo online proporciona una visi\u00f3n innovadora del sector del fitness y de la gesti\u00f3n de empresas. Ha sido\u00a0dise\u00f1ado para dar una formaci\u00f3n de escuela de negocios a los directivos del fitness, pero no una formaci\u00f3n meramente acad\u00e9mica, sino m\u00e1s bien una formaci\u00f3n pr\u00e1ctica y muy directa a la realidad de la gesti\u00f3n de un club.<\/p>\n","protected":false},"excerpt":{"rendered":"<h2><strong>PRECIO:<\/strong> 1.600\u20ac<\/h2>\n<p>&nbsp;<\/p>\n<p>Dispones de 2 modalidades de pago para comprar el Programa de Desarrollo Directivo.<\/p>\n<ul>\n<li><strong>PAGO \u00daNICO:<\/strong> Paga hoy y consigue un 10% de descuento respecto al precio original.<\/li>\n<li><strong>PAGO EN 11 CUOTAS:<\/strong> Una cuota inicial de 400\u20ac y diez mensualidades de 120\u20ac<\/li>\n<\/ul>\n","protected":false},"featured_media":2833,"template":"","meta":[],"yoast_head":"<!-- This site is optimized with the Yoast SEO plugin v14.9 - https:\/\/yoast.com\/wordpress\/plugins\/seo\/ -->\n<title>Programa de Desarrollo Directivo (modalidad Online) | Fitness Management School<\/title>\n<meta name=\"robots\" content=\"index, follow, max-snippet:-1, max-image-preview:large, max-video-preview:-1\" \/>\n<link rel=\"canonical\" href=\"https:\/\/www.fms.com.es\/inicio\/producto\/programa-de-desarrollo-directivo-modalidad-online-transferencia\/\" \/>\n<meta property=\"og:locale\" content=\"es_ES\" \/>\n<meta property=\"og:type\" content=\"article\" \/>\n<meta property=\"og:title\" content=\"Programa de Desarrollo Directivo (modalidad Online) | Fitness Management School\" \/>\n<meta property=\"og:description\" content=\"PRECIO: 1.600\u20ac &nbsp;  Dispones de 2 modalidades de pago para comprar el Programa de Desarrollo Directivo.   PAGO \u00daNICO: Paga hoy y consigue un 10% de descuento respecto al precio original.  PAGO EN 11 CUOTAS: Una cuota inicial de 400\u20ac y diez mensualidades de 120\u20ac\" \/>\n<meta property=\"og:url\" content=\"https:\/\/www.fms.com.es\/inicio\/producto\/programa-de-desarrollo-directivo-modalidad-online-transferencia\/\" \/>\n<meta property=\"og:site_name\" content=\"Fitness Management School\" \/>\n<meta property=\"article:modified_time\" content=\"2025-08-07T13:21:22+00:00\" \/>\n<meta property=\"og:image\" content=\"https:\/\/www.fms.com.es\/wp-content\/uploads\/2020\/09\/PDD.jpg\" \/>\n\t<meta property=\"og:image:width\" content=\"540\" \/>\n\t<meta property=\"og:image:height\" content=\"540\" \/>\n<meta name=\"twitter:card\" content=\"summary_large_image\" \/>\n<script type=\"application\/ld+json\" class=\"yoast-schema-graph\">{\"@context\":\"https:\/\/schema.org\",\"@graph\":[{\"@type\":\"Organization\",\"@id\":\"https:\/\/www.fms.com.es\/inicio\/#organization\",\"name\":\"Fitness Management School\",\"url\":\"https:\/\/www.fms.com.es\/inicio\/\",\"sameAs\":[\"https:\/\/www.linkedin.com\/company\/fitness-management-school\/\"],\"logo\":{\"@type\":\"ImageObject\",\"@id\":\"https:\/\/www.fms.com.es\/inicio\/#logo\",\"inLanguage\":\"es\",\"url\":\"https:\/\/www.fms.com.es\/wp-content\/uploads\/2019\/08\/fms-icon.png\",\"width\":44,\"height\":43,\"caption\":\"Fitness Management School\"},\"image\":{\"@id\":\"https:\/\/www.fms.com.es\/inicio\/#logo\"}},{\"@type\":\"WebSite\",\"@id\":\"https:\/\/www.fms.com.es\/inicio\/#website\",\"url\":\"https:\/\/www.fms.com.es\/inicio\/\",\"name\":\"Fitness Management School\",\"description\":\"\\ud83c\\udfc5 Formaci\\u00f3n de alto nivel para directivos y gestores de fitness \\ud83d\\udd1c  Pr\\u00f3xima formaci\\u00f3n: Programa Desarrollo Directivo\",\"publisher\":{\"@id\":\"https:\/\/www.fms.com.es\/inicio\/#organization\"},\"potentialAction\":[{\"@type\":\"SearchAction\",\"target\":\"https:\/\/www.fms.com.es\/inicio\/?s={search_term_string}\",\"query-input\":\"required name=search_term_string\"}],\"inLanguage\":\"es\"},{\"@type\":\"ImageObject\",\"@id\":\"https:\/\/www.fms.com.es\/inicio\/producto\/programa-de-desarrollo-directivo-modalidad-online-transferencia\/#primaryimage\",\"inLanguage\":\"es\",\"url\":\"https:\/\/www.fms.com.es\/wp-content\/uploads\/2020\/09\/PDD.jpg\",\"width\":540,\"height\":540},{\"@type\":\"WebPage\",\"@id\":\"https:\/\/www.fms.com.es\/inicio\/producto\/programa-de-desarrollo-directivo-modalidad-online-transferencia\/#webpage\",\"url\":\"https:\/\/www.fms.com.es\/inicio\/producto\/programa-de-desarrollo-directivo-modalidad-online-transferencia\/\",\"name\":\"Programa de Desarrollo Directivo (modalidad Online) | Fitness Management School\",\"isPartOf\":{\"@id\":\"https:\/\/www.fms.com.es\/inicio\/#website\"},\"primaryImageOfPage\":{\"@id\":\"https:\/\/www.fms.com.es\/inicio\/producto\/programa-de-desarrollo-directivo-modalidad-online-transferencia\/#primaryimage\"},\"datePublished\":\"2021-07-29T11:17:14+00:00\",\"dateModified\":\"2025-08-07T13:21:22+00:00\",\"inLanguage\":\"es\",\"potentialAction\":[{\"@type\":\"ReadAction\",\"target\":[\"https:\/\/www.fms.com.es\/inicio\/producto\/programa-de-desarrollo-directivo-modalidad-online-transferencia\/\"]}]}]}<\/script>\n<!-- \/ Yoast SEO plugin. -->","_links":{"self":[{"href":"https:\/\/www.fms.com.es\/inicio\/wp-json\/wp\/v2\/product\/2859"}],"collection":[{"href":"https:\/\/www.fms.com.es\/inicio\/wp-json\/wp\/v2\/product"}],"about":[{"href":"https:\/\/www.fms.com.es\/inicio\/wp-json\/wp\/v2\/types\/product"}],"wp:featuredmedia":[{"embeddable":true,"href":"https:\/\/www.fms.com.es\/inicio\/wp-json\/wp\/v2\/media\/2833"}],"wp:attachment":[{"href":"https:\/\/www.fms.com.es\/inicio\/wp-json\/wp\/v2\/media?parent=2859"}],"curies":[{"name":"wp","href":"https:\/\/api.w.org\/{rel}","templated":true}]}}